{"id":572,"date":"2020-10-23T17:01:03","date_gmt":"2020-10-23T15:01:03","guid":{"rendered":"https:\/\/lafermedes5sens.com\/?post_type=product&#038;p=572"},"modified":"2025-08-07T16:13:53","modified_gmt":"2025-08-07T14:13:53","slug":"tisane-menthe-poivree-20-g","status":"publish","type":"product","link":"https:\/\/lafermedes5sens.com\/index.php\/produit\/tisane-menthe-poivree-20-g\/","title":{"rendered":"Tisane Menthe poivr\u00e9e (20 g)"},"content":{"rendered":"<h6><span style=\"color: #ff6600;\">Description du produit<\/span><\/h6>\n<p>Sachet enti\u00e8rement compostable en papier kraft et PLA (20 g).<\/p>\n<h6><span style=\"color: #ff6600;\">Conseils d&#8217;utilisation<br \/>\n<\/span><\/h6>\n<p>Dans une casserole, mettre 1 cuill\u00e8re \u00e0 soupe de plantes s\u00e8ches pour 1 tasse d&#8217;eau froide (environ 250 ml). Mettre un couvercle (c&#8217;est important !). Faire chauffer et couper le feu \u00e0 l&#8217;apparition des premi\u00e8res bulles (\u00e9viter l&#8217;\u00e9bullition). Laisser infuser encore 5-10 minutes \u00e0 couvert. Filtrer et d\u00e9guster !<\/p>\n<p>Vous pouvez aussi mettre les plantes \u00e0 infuser dans de l&#8217;eau d\u00e9j\u00e0 chaude. Mais dans tous les cas, pensez bien \u00e0 placer un couvercle sur votre tisane !<\/p>\n<h6><span style=\"color: #ff6600;\">Dans l&#8217;intimit\u00e9 de la plante<br \/>\n<\/span><\/h6>\n<p>C&#8217;est toujours un plaisir de d\u00e9sherber la Menthe poivr\u00e9e. Agenouill\u00e9 quelques heures dans son parfum frais et sucr\u00e9, l&#8217;on se rhabille le lendemain avec des v\u00eatements vanill\u00e9s. Cadeau matinal.<\/p>\n","protected":false},"excerpt":{"rendered":"<p>Tisane de Menthe poivr\u00e9e biologique (Mentha<em> x piperita) &#8211;<\/em> feuilles enti\u00e8res.<\/p>\n<p>La Menthe poivr\u00e9e est issue de nos cultures biologiques (Corr\u00e8ze).<\/p>\n","protected":false},"featured_media":154,"comment_status":"open","ping_status":"closed","template":"","meta":[],"yoast_head":"<!-- This site is optimized with the Yoast SEO plugin v15.4 - https:\/\/yoast.com\/wordpress\/plugins\/seo\/ -->\n<title>Tisane Menthe poivr\u00e9e (20 g) - La Ferme des 5 sens<\/title>\n<meta name=\"description\" content=\"Acheter de la tisane de Menthe poivr\u00e9e bio \u00e0 une productrice-distillatrice de Corr\u00e8ze (France).\" \/>\n<meta name=\"robots\" content=\"index, follow, max-snippet:-1, max-image-preview:large, max-video-preview:-1\" \/>\n<link rel=\"canonical\" href=\"https:\/\/lafermedes5sens.com\/index.php\/produit\/tisane-menthe-poivree-20-g\/\" \/>\n<meta property=\"og:locale\" content=\"fr_FR\" \/>\n<meta property=\"og:type\" content=\"article\" \/>\n<meta property=\"og:title\" content=\"Tisane Menthe poivr\u00e9e (20 g) - La Ferme des 5 sens\" \/>\n<meta property=\"og:description\" content=\"Acheter de la tisane de Menthe poivr\u00e9e bio \u00e0 une productrice-distillatrice de Corr\u00e8ze (France).\" \/>\n<meta property=\"og:url\" content=\"https:\/\/lafermedes5sens.com\/index.php\/produit\/tisane-menthe-poivree-20-g\/\" \/>\n<meta property=\"og:site_name\" content=\"La Ferme des 5 sens\" \/>\n<meta property=\"article:modified_time\" content=\"2025-08-07T14:13:53+00:00\" \/>\n<meta property=\"og:image\" content=\"https:\/\/lafermedes5sens.com\/wp-content\/uploads\/2020\/01\/test_prod_Plan-de-travail-1-1.png\" \/>\n\t<meta property=\"og:image:width\" content=\"834\" \/>\n\t<meta property=\"og:image:height\" content=\"834\" \/>\n<meta name=\"twitter:card\" content=\"summary_large_image\" \/>\n<meta name=\"twitter:label1\" content=\"\u00c9crit par\">\n\t<meta name=\"twitter:data1\" content=\"admin5827\">\n\t<meta name=\"twitter:label2\" content=\"Dur\u00e9e de lecture est.\">\n\t<meta name=\"twitter:data2\" content=\"1 minute\">\n<script type=\"application\/ld+json\" class=\"yoast-schema-graph\">{\"@context\":\"https:\/\/schema.org\",\"@graph\":[{\"@type\":\"WebSite\",\"@id\":\"https:\/\/lafermedes5sens.com\/#website\",\"url\":\"https:\/\/lafermedes5sens.com\/\",\"name\":\"La Ferme des 5 sens\",\"description\":\"\",\"potentialAction\":[{\"@type\":\"SearchAction\",\"target\":\"https:\/\/lafermedes5sens.com\/?s={search_term_string}\",\"query-input\":\"required name=search_term_string\"}],\"inLanguage\":\"fr-FR\"},{\"@type\":\"ImageObject\",\"@id\":\"https:\/\/lafermedes5sens.com\/index.php\/produit\/tisane-menthe-poivree-20-g\/#primaryimage\",\"inLanguage\":\"fr-FR\",\"url\":\"https:\/\/lafermedes5sens.com\/wp-content\/uploads\/2020\/01\/test_prod_Plan-de-travail-1-1.png\",\"width\":834,\"height\":834},{\"@type\":\"WebPage\",\"@id\":\"https:\/\/lafermedes5sens.com\/index.php\/produit\/tisane-menthe-poivree-20-g\/#webpage\",\"url\":\"https:\/\/lafermedes5sens.com\/index.php\/produit\/tisane-menthe-poivree-20-g\/\",\"name\":\"Tisane Menthe poivr\\u00e9e (20 g) - La Ferme des 5 sens\",\"isPartOf\":{\"@id\":\"https:\/\/lafermedes5sens.com\/#website\"},\"primaryImageOfPage\":{\"@id\":\"https:\/\/lafermedes5sens.com\/index.php\/produit\/tisane-menthe-poivree-20-g\/#primaryimage\"},\"datePublished\":\"2020-10-23T15:01:03+00:00\",\"dateModified\":\"2025-08-07T14:13:53+00:00\",\"description\":\"Acheter de la tisane de Menthe poivr\\u00e9e bio \\u00e0 une productrice-distillatrice de Corr\\u00e8ze (France).\",\"inLanguage\":\"fr-FR\",\"potentialAction\":[{\"@type\":\"ReadAction\",\"target\":[\"https:\/\/lafermedes5sens.com\/index.php\/produit\/tisane-menthe-poivree-20-g\/\"]}]}]}<\/script>\n<!-- \/ Yoast SEO plugin. -->","_links":{"self":[{"href":"https:\/\/lafermedes5sens.com\/index.php\/wp-json\/wp\/v2\/product\/572"}],"collection":[{"href":"https:\/\/lafermedes5sens.com\/index.php\/wp-json\/wp\/v2\/product"}],"about":[{"href":"https:\/\/lafermedes5sens.com\/index.php\/wp-json\/wp\/v2\/types\/product"}],"replies":[{"embeddable":true,"href":"https:\/\/lafermedes5sens.com\/index.php\/wp-json\/wp\/v2\/comments?post=572"}],"wp:featuredmedia":[{"embeddable":true,"href":"https:\/\/lafermedes5sens.com\/index.php\/wp-json\/wp\/v2\/media\/154"}],"wp:attachment":[{"href":"https:\/\/lafermedes5sens.com\/index.php\/wp-json\/wp\/v2\/media?parent=572"}],"curies":[{"name":"wp","href":"https:\/\/api.w.org\/{rel}","templated":true}]}}