{"id":539,"date":"2020-06-10T08:44:31","date_gmt":"2020-06-10T06:44:31","guid":{"rendered":"https:\/\/lafermedes5sens.com\/?post_type=product&#038;p=539"},"modified":"2025-09-02T13:06:47","modified_gmt":"2025-09-02T11:06:47","slug":"hydrolat-helichryse-italienne-250-ml","status":"publish","type":"product","link":"https:\/\/lafermedes5sens.com\/index.php\/produit\/hydrolat-helichryse-italienne-250-ml\/","title":{"rendered":"Hydrolat H\u00e9lichryse italienne (250 ml)"},"content":{"rendered":"<h6><span style=\"color: #ff6600;\">Description du produit<\/span><\/h6>\n<p>Flacon en verre teint\u00e9 (250 ml).<\/p>\n<p>Concentration : 1 kg de plantes fra\u00eeches pour 1 L d&#8217;hydrolat.<\/p>\n<p>Filtration apr\u00e8s distillation. Stockage dans des f\u00fbts en inox, \u00e0 l&#8217;abri de la lumi\u00e8re et de la chaleur.<\/p>\n<h6><span style=\"color: #ff6600;\">Pr\u00e9cautions d&#8217;emploi<\/span><\/h6>\n<p>Tenir hors de la port\u00e9e des enfants. Conserver dans un lieu frais et sec, voire au r\u00e9frig\u00e9rateur.<\/p>\n<h6><span style=\"color: #ff6600;\">Conseils d&#8217;utilisation des hydrolats<\/span><\/h6>\n<ul>\n<li class=\"Textbody\" style=\"text-align: justify; text-justify: inter-ideograph;\">En<span style=\"color: #ff6600;\"> boisson \u00ab\u00a0plaisir\u00a0\u00bb<\/span>, ponctuellement, ou bien en <span style=\"color: #ff6600;\">boisson \u00ab\u00a0bien-\u00eatre\u00a0\u00bb<\/span>, r\u00e9guli\u00e8rement. Comptez entre 1 cuill\u00e8re \u00e0 caf\u00e9 et 1 cuill\u00e8re \u00e0 soupe d\u2019hydrolat par verre d\u2019eau, jusqu\u2019\u00e0\u00a03 fois par jour.<\/li>\n<li class=\"Textbody\" style=\"text-align: justify; text-justify: inter-ideograph;\">Pour <span style=\"color: #ff6600;\">prendre soin de votre peau <\/span>: comme lotion pour le visage ou le corps, ou bien comme phase aqueuse de vos cr\u00e8mes et autres cosm\u00e9tiques faits maison.<\/li>\n<li class=\"Textbody\" style=\"text-align: justify; text-justify: inter-ideograph;\">Pour un <span style=\"color: #ff6600;\">bain aromatique<\/span>\u00a0: diluer de l\u2019hydrolat dans l\u2019eau du bain.<\/li>\n<li class=\"Textbody\" style=\"text-align: justify; text-justify: inter-ideograph;\">Comme<span style=\"color: #ff6600;\"> bain de bouche<\/span>\u00a0: utiliser au choix de l\u2019hydrolat pur ou dilu\u00e9 dans de l\u2019eau pour entretenir votre hygi\u00e8ne buccale.<\/li>\n<li class=\"Textbody\" style=\"text-align: justify; text-justify: inter-ideograph;\">En <span style=\"color: #ff6600;\">cuisine\u00a0<\/span>: les hydrolats se marient aussi bien avec le sucr\u00e9 qu&#8217;avec le sal\u00e9. Soyez inventifs\u00a0! Parfumez vos salades de fruits, smoothies et p\u00e2tisseries, mais aussi vos vinaigrettes, soupes et rago\u00fbts. Lorsque c\u2019est possible, ajoutez les hydrolats en fin de cuisson pour ne pas alt\u00e9rer leur go\u00fbt.<\/li>\n<li class=\"Textbody\" style=\"text-align: justify; text-justify: inter-ideograph;\">Comme <span style=\"color: #ff6600;\">spray d\u2019ambiance ou d\u2019oreiller<\/span>\u00a0: vaporisez de l\u2019hydrolat dans une pi\u00e8ce ou sur votre oreiller pour assainir l\u2019atmosph\u00e8re ou favoriser l\u2019endormissement.<\/li>\n<li class=\"Textbody\" style=\"text-align: justify; text-justify: inter-ideograph;\">Comme<span style=\"color: #ff6600;\"> eau de repassage<\/span>\u00a0: remplissez votre fer \u00e0 repasser d\u2019hydrolat et d\u2019eau \u00e0 parts \u00e9gales pour un linge d\u00e9licatement parfum\u00e9.<\/li>\n<li class=\"Textbody\" style=\"text-align: justify; text-justify: inter-ideograph;\">Dans les <span style=\"color: #ff6600;\">produits d\u2019entretien faits maison<\/span>\u00a0: l\u2019hydrolat remplace l\u2019eau pour tout ou partie dans les recettes de produits nettoyants, lessive etc. Selon l\u2019hydrolat choisi, vous profiterez de ses propri\u00e9t\u00e9s d\u00e9sinfectantes ou tout simplement de son agr\u00e9able parfum\u00a0!<\/li>\n<li class=\"Textbody\" style=\"text-align: justify; text-justify: inter-ideograph;\">Et de nombreuses autres possibilit\u00e9s \u00e0 explorer&#8230;<\/li>\n<\/ul>\n<h6><span style=\"color: #ff6600;\">Dans l&#8217;intimit\u00e9 de la plante<br \/>\n<\/span><\/h6>\n<p>L&#8217;H\u00e9lichryse apporte quelques rayons du soleil m\u00e9diterran\u00e9en dans notre campagne corr\u00e9zienne. Avec son feuillage tirant sur le blanc et ses fleurs en bouquets jaunes, elle tranche sur le vert du Romarin voisin. Les yeux ferm\u00e9s, le nez au vent, on devine de loin sa floraison estivale : partout, elle r\u00e9pand son parfum oriental d&#8217;\u00e9pices \u00e0 curry.<\/p>\n<p>En termes de caract\u00e9rologie, Michel Faucon (<em>Trait\u00e9 d\u2019aromath\u00e9rapie scientifique et m\u00e9dicale \u2013 Les hydrolats<\/em>) \u00e9crit :<em>\u00a0&#8220;L&#8217;hydrolat d&#8217;H\u00e9lichryse accompagne les passages difficiles (d\u00e9part, choc, deuil&#8230;) et donc toutes les formes de traumatismes. H\u00e9lichryse \u00e9voque \u00e9galement une jeune fille pure, innocente et fragile (&#8230;) &#8220;Adolescente (&#8230;) na\u00efve, douce et \u00e9motive&#8221;, tel est son arch\u00e9type d\u00e9crit par P. Mailhebiau pour qui son incarnation demeure fragile et souffre d&#8217;une sant\u00e9 d\u00e9licate. Ses petites, mais fr\u00e9quentes, difficult\u00e9s d&#8217;ordre circulatoire signeraient des probl\u00e8mes d&#8217;identit\u00e9 et un manque r\u00e9el de d\u00e9termination (&#8230;) Elle aurait en effet souvent &#8220;nez rouge, couperose quasi permanente&#8221;, &#8220;pieds et mains froids que rien ne semble pouvoir r\u00e9chauffer&#8221;. Son temp\u00e9rament est allergique et sa peau incapable de bronzer sans rougir&#8230;&#8221;<\/em><\/p>\n","protected":false},"excerpt":{"rendered":"<p>Hydrolat d&#8217;H\u00e9lichryse italienne\u00a0<em>(Helichrysum italicum<\/em>), 100% pur et naturel.<\/p>\n<p>Distillation des parties a\u00e9riennes, issues de nos cultures biologiques (Corr\u00e8ze).<\/p>\n<p>Synonymes : Immortelle d&#8217;Italie, Plante \u00e0 curry.<\/p>\n<p>Principaux constituants biochimiques actifs : italildiones, linalol, alpha-terpin\u00e9ol, n\u00e9rol, 4-terpin\u00e9ol, 1,8-cin\u00e9ole, ac\u00e9tate de n\u00e9ryle (Michel Faucon, <em>Trait\u00e9 d\u2019aromath\u00e9rapie scientifique et m\u00e9dicale &#8211; Les hydrolats<\/em>).<\/p>\n","protected":false},"featured_media":154,"comment_status":"open","ping_status":"closed","template":"","meta":[],"yoast_head":"<!-- This site is optimized with the Yoast SEO plugin v15.4 - https:\/\/yoast.com\/wordpress\/plugins\/seo\/ -->\n<title>Hydrolat H\u00e9lichryse italienne (250 ml) - La Ferme des 5 sens<\/title>\n<meta name=\"description\" content=\"Acheter de l&#039;hydrolat (eau florale) d&#039;H\u00e9lichryse italienne bio \u00e0 une productrice-distillatrice de Corr\u00e8ze (France).\" \/>\n<meta name=\"robots\" content=\"index, follow, max-snippet:-1, max-image-preview:large, max-video-preview:-1\" \/>\n<link rel=\"canonical\" href=\"https:\/\/lafermedes5sens.com\/index.php\/produit\/hydrolat-helichryse-italienne-250-ml\/\" \/>\n<meta property=\"og:locale\" content=\"fr_FR\" \/>\n<meta property=\"og:type\" content=\"article\" \/>\n<meta property=\"og:title\" content=\"Hydrolat H\u00e9lichryse italienne (250 ml) - La Ferme des 5 sens\" \/>\n<meta property=\"og:description\" content=\"Acheter de l&#039;hydrolat (eau florale) d&#039;H\u00e9lichryse italienne bio \u00e0 une productrice-distillatrice de Corr\u00e8ze (France).\" \/>\n<meta property=\"og:url\" content=\"https:\/\/lafermedes5sens.com\/index.php\/produit\/hydrolat-helichryse-italienne-250-ml\/\" \/>\n<meta property=\"og:site_name\" content=\"La Ferme des 5 sens\" \/>\n<meta property=\"article:modified_time\" content=\"2025-09-02T11:06:47+00:00\" \/>\n<meta property=\"og:image\" content=\"https:\/\/lafermedes5sens.com\/wp-content\/uploads\/2020\/01\/test_prod_Plan-de-travail-1-1.png\" \/>\n\t<meta property=\"og:image:width\" content=\"834\" \/>\n\t<meta property=\"og:image:height\" content=\"834\" \/>\n<meta name=\"twitter:card\" content=\"summary_large_image\" \/>\n<meta name=\"twitter:label1\" content=\"\u00c9crit par\">\n\t<meta name=\"twitter:data1\" content=\"admin5827\">\n\t<meta name=\"twitter:label2\" content=\"Dur\u00e9e de lecture est.\">\n\t<meta name=\"twitter:data2\" content=\"2 minutes\">\n<script type=\"application\/ld+json\" class=\"yoast-schema-graph\">{\"@context\":\"https:\/\/schema.org\",\"@graph\":[{\"@type\":\"WebSite\",\"@id\":\"https:\/\/lafermedes5sens.com\/#website\",\"url\":\"https:\/\/lafermedes5sens.com\/\",\"name\":\"La Ferme des 5 sens\",\"description\":\"\",\"potentialAction\":[{\"@type\":\"SearchAction\",\"target\":\"https:\/\/lafermedes5sens.com\/?s={search_term_string}\",\"query-input\":\"required name=search_term_string\"}],\"inLanguage\":\"fr-FR\"},{\"@type\":\"ImageObject\",\"@id\":\"https:\/\/lafermedes5sens.com\/index.php\/produit\/hydrolat-helichryse-italienne-250-ml\/#primaryimage\",\"inLanguage\":\"fr-FR\",\"url\":\"https:\/\/lafermedes5sens.com\/wp-content\/uploads\/2020\/01\/test_prod_Plan-de-travail-1-1.png\",\"width\":834,\"height\":834},{\"@type\":\"WebPage\",\"@id\":\"https:\/\/lafermedes5sens.com\/index.php\/produit\/hydrolat-helichryse-italienne-250-ml\/#webpage\",\"url\":\"https:\/\/lafermedes5sens.com\/index.php\/produit\/hydrolat-helichryse-italienne-250-ml\/\",\"name\":\"Hydrolat H\\u00e9lichryse italienne (250 ml) - La Ferme des 5 sens\",\"isPartOf\":{\"@id\":\"https:\/\/lafermedes5sens.com\/#website\"},\"primaryImageOfPage\":{\"@id\":\"https:\/\/lafermedes5sens.com\/index.php\/produit\/hydrolat-helichryse-italienne-250-ml\/#primaryimage\"},\"datePublished\":\"2020-06-10T06:44:31+00:00\",\"dateModified\":\"2025-09-02T11:06:47+00:00\",\"description\":\"Acheter de l'hydrolat (eau florale) d'H\\u00e9lichryse italienne bio \\u00e0 une productrice-distillatrice de Corr\\u00e8ze (France).\",\"inLanguage\":\"fr-FR\",\"potentialAction\":[{\"@type\":\"ReadAction\",\"target\":[\"https:\/\/lafermedes5sens.com\/index.php\/produit\/hydrolat-helichryse-italienne-250-ml\/\"]}]}]}<\/script>\n<!-- \/ Yoast SEO plugin. -->","_links":{"self":[{"href":"https:\/\/lafermedes5sens.com\/index.php\/wp-json\/wp\/v2\/product\/539"}],"collection":[{"href":"https:\/\/lafermedes5sens.com\/index.php\/wp-json\/wp\/v2\/product"}],"about":[{"href":"https:\/\/lafermedes5sens.com\/index.php\/wp-json\/wp\/v2\/types\/product"}],"replies":[{"embeddable":true,"href":"https:\/\/lafermedes5sens.com\/index.php\/wp-json\/wp\/v2\/comments?post=539"}],"wp:featuredmedia":[{"embeddable":true,"href":"https:\/\/lafermedes5sens.com\/index.php\/wp-json\/wp\/v2\/media\/154"}],"wp:attachment":[{"href":"https:\/\/lafermedes5sens.com\/index.php\/wp-json\/wp\/v2\/media?parent=539"}],"curies":[{"name":"wp","href":"https:\/\/api.w.org\/{rel}","templated":true}]}}