{"id":511,"date":"2020-06-08T16:25:09","date_gmt":"2020-06-08T14:25:09","guid":{"rendered":"https:\/\/lafermedes5sens.com\/?post_type=product&#038;p=511"},"modified":"2025-04-17T15:07:33","modified_gmt":"2025-04-17T13:07:33","slug":"he-de-laurier-noble-5-ml","status":"publish","type":"product","link":"https:\/\/lafermedes5sens.com\/index.php\/produit\/he-de-laurier-noble-5-ml\/","title":{"rendered":"HE Laurier noble (5 ml)"},"content":{"rendered":"<h6><span style=\"color: #ff6600;\">Description du produit<\/span><\/h6>\n<p>Flacon en verre teint\u00e9 (5 ml), avec compte-goutte et s\u00e9curit\u00e9 enfant.<\/p>\n<h6><span style=\"color: #ff6600;\">Pr\u00e9cautions d&#8217;emploi<\/span><\/h6>\n<p>Tenir hors de la port\u00e9e des enfants. S&#8217;informer du bon usage des huiles essentielles avant utilisation.<\/p>\n<h6><span style=\"color: #ff6600;\">Dans l&#8217;intimit\u00e9 de la plante<\/span><\/h6>\n<p>Le Laurier noble est un arbre plein de force et de vitalit\u00e9. Il s&#8217;est \u00e9chapp\u00e9 des jardins pour se diss\u00e9miner dans les sous-bois de notre r\u00e9gion. L\u00e0, d&#8217;un vert brillant, il d\u00e9ploie sa ramure aux feuilles cuirass\u00e9es, narguant en hiver les arbres voisins, d\u00e9nud\u00e9s. Le vent souffle, et la for\u00eat embaume.<\/p>\n<p>Au sujet du Laurier noble, Philippe Mailhebiau (<em>La nouvelle aromath\u00e9rapie<\/em>) \u00e9crit :\u00a0<em>&#8220;En Gr\u00e8ce, l&#8217;alliance entre le Laurier et l&#8217;astre de lumi\u00e8re, le soleil, l&#8217;a consacr\u00e9 \u00e0 Apollon, l&#8217;arch\u00e9type mythologique de la puissance, de la sagesse et de la beaut\u00e9 virile. Apollon, couronn\u00e9 de Lauriers, est un dieu qui purifie, illumine et triomphe, et dont l&#8217;embl\u00e8me est sens\u00e9, comme lui, apporter la lumi\u00e8re et donner la gloire.&#8221;<\/em><\/p>\n<p>Il \u00e9crit encore :\u00a0<em>&#8220;Laurus (&#8230;) peut ais\u00e9ment temp\u00e9rer l&#8217;affectivit\u00e9 de certains, les aider \u00e0 vaincre leurs peurs et leurs inhibitions ; il d\u00e9veloppe l&#8217;ambition et l&#8217;assurance, apporte \u00e0 l&#8217;individu la conscience de sa valeur et la volont\u00e9 d&#8217;agir.&#8221;<\/em><\/p>\n","protected":false},"excerpt":{"rendered":"<p>Huile essentielle de Laurier noble\u00a0<em>(Laurus nobil<\/em><em>is<\/em>), 100% pure et naturelle.<\/p>\n<p>Distillation des jeunes rameaux, issus de nos cueillettes dans des milieux pr\u00e9serv\u00e9s (Corr\u00e8ze).<\/p>\n<p>Sp\u00e9cificit\u00e9 biochimique : 1,8 cin\u00e9ole, ac\u00e9tate d&#8217;alpha-terpin\u00e8ne, linalol, alpha alpha-terpin\u00e9ol, costunolide&#8230; Au total, plus de 276 constituants diff\u00e9rents (Michel Faucon, <em>Trait\u00e9 d&#8217;aromath\u00e9rapie scientifique et m\u00e9dicale<\/em>).<\/p>\n","protected":false},"featured_media":154,"comment_status":"open","ping_status":"closed","template":"","meta":[],"yoast_head":"<!-- This site is optimized with the Yoast SEO plugin v15.4 - https:\/\/yoast.com\/wordpress\/plugins\/seo\/ -->\n<title>HE Laurier noble (5 ml) - La Ferme des 5 sens<\/title>\n<meta name=\"description\" content=\"Acheter de l&#039;huile essentielle de Laurier noble bio \u00e0 une productrice-distillatrice de Corr\u00e8ze (France).\" \/>\n<meta name=\"robots\" content=\"index, follow, max-snippet:-1, max-image-preview:large, max-video-preview:-1\" \/>\n<link rel=\"canonical\" href=\"https:\/\/lafermedes5sens.com\/index.php\/produit\/he-de-laurier-noble-5-ml\/\" \/>\n<meta property=\"og:locale\" content=\"fr_FR\" \/>\n<meta property=\"og:type\" content=\"article\" \/>\n<meta property=\"og:title\" content=\"HE Laurier noble (5 ml) - La Ferme des 5 sens\" \/>\n<meta property=\"og:description\" content=\"Acheter de l&#039;huile essentielle de Laurier noble bio \u00e0 une productrice-distillatrice de Corr\u00e8ze (France).\" \/>\n<meta property=\"og:url\" content=\"https:\/\/lafermedes5sens.com\/index.php\/produit\/he-de-laurier-noble-5-ml\/\" \/>\n<meta property=\"og:site_name\" content=\"La Ferme des 5 sens\" \/>\n<meta property=\"article:modified_time\" content=\"2025-04-17T13:07:33+00:00\" \/>\n<meta property=\"og:image\" content=\"https:\/\/lafermedes5sens.com\/wp-content\/uploads\/2020\/01\/test_prod_Plan-de-travail-1-1.png\" \/>\n\t<meta property=\"og:image:width\" content=\"834\" \/>\n\t<meta property=\"og:image:height\" content=\"834\" \/>\n<meta name=\"twitter:card\" content=\"summary_large_image\" \/>\n<meta name=\"twitter:label1\" content=\"\u00c9crit par\">\n\t<meta name=\"twitter:data1\" content=\"admin5827\">\n\t<meta name=\"twitter:label2\" content=\"Dur\u00e9e de lecture est.\">\n\t<meta name=\"twitter:data2\" content=\"1 minute\">\n<script type=\"application\/ld+json\" class=\"yoast-schema-graph\">{\"@context\":\"https:\/\/schema.org\",\"@graph\":[{\"@type\":\"WebSite\",\"@id\":\"https:\/\/lafermedes5sens.com\/#website\",\"url\":\"https:\/\/lafermedes5sens.com\/\",\"name\":\"La Ferme des 5 sens\",\"description\":\"\",\"potentialAction\":[{\"@type\":\"SearchAction\",\"target\":\"https:\/\/lafermedes5sens.com\/?s={search_term_string}\",\"query-input\":\"required name=search_term_string\"}],\"inLanguage\":\"fr-FR\"},{\"@type\":\"ImageObject\",\"@id\":\"https:\/\/lafermedes5sens.com\/index.php\/produit\/he-de-laurier-noble-5-ml\/#primaryimage\",\"inLanguage\":\"fr-FR\",\"url\":\"https:\/\/lafermedes5sens.com\/wp-content\/uploads\/2020\/01\/test_prod_Plan-de-travail-1-1.png\",\"width\":834,\"height\":834},{\"@type\":\"WebPage\",\"@id\":\"https:\/\/lafermedes5sens.com\/index.php\/produit\/he-de-laurier-noble-5-ml\/#webpage\",\"url\":\"https:\/\/lafermedes5sens.com\/index.php\/produit\/he-de-laurier-noble-5-ml\/\",\"name\":\"HE Laurier noble (5 ml) - La Ferme des 5 sens\",\"isPartOf\":{\"@id\":\"https:\/\/lafermedes5sens.com\/#website\"},\"primaryImageOfPage\":{\"@id\":\"https:\/\/lafermedes5sens.com\/index.php\/produit\/he-de-laurier-noble-5-ml\/#primaryimage\"},\"datePublished\":\"2020-06-08T14:25:09+00:00\",\"dateModified\":\"2025-04-17T13:07:33+00:00\",\"description\":\"Acheter de l'huile essentielle de Laurier noble bio \\u00e0 une productrice-distillatrice de Corr\\u00e8ze (France).\",\"inLanguage\":\"fr-FR\",\"potentialAction\":[{\"@type\":\"ReadAction\",\"target\":[\"https:\/\/lafermedes5sens.com\/index.php\/produit\/he-de-laurier-noble-5-ml\/\"]}]}]}<\/script>\n<!-- \/ Yoast SEO plugin. -->","_links":{"self":[{"href":"https:\/\/lafermedes5sens.com\/index.php\/wp-json\/wp\/v2\/product\/511"}],"collection":[{"href":"https:\/\/lafermedes5sens.com\/index.php\/wp-json\/wp\/v2\/product"}],"about":[{"href":"https:\/\/lafermedes5sens.com\/index.php\/wp-json\/wp\/v2\/types\/product"}],"replies":[{"embeddable":true,"href":"https:\/\/lafermedes5sens.com\/index.php\/wp-json\/wp\/v2\/comments?post=511"}],"wp:featuredmedia":[{"embeddable":true,"href":"https:\/\/lafermedes5sens.com\/index.php\/wp-json\/wp\/v2\/media\/154"}],"wp:attachment":[{"href":"https:\/\/lafermedes5sens.com\/index.php\/wp-json\/wp\/v2\/media?parent=511"}],"curies":[{"name":"wp","href":"https:\/\/api.w.org\/{rel}","templated":true}]}}