{"id":9,"date":"2020-01-26T20:01:34","date_gmt":"2020-01-26T19:01:34","guid":{"rendered":"http:\/\/lafermedes5sens.com\/?page_id=9"},"modified":"2021-07-13T15:03:48","modified_gmt":"2021-07-13T13:03:48","slug":"accueil","status":"publish","type":"page","link":"https:\/\/lafermedes5sens.com\/","title":{"rendered":"La ferme des 5 sens"},"content":{"rendered":"\t\t<div data-elementor-type=\"wp-page\" data-elementor-id=\"9\" class=\"elementor elementor-9\" data-elementor-settings=\"[]\">\n\t\t\t\t\t\t<div class=\"elementor-inner\">\n\t\t\t\t\t\t\t<div class=\"elementor-section-wrap\">\n\t\t\t\t\t\t\t<section class=\"elementor-section elementor-top-section elementor-element elementor-element-552bdc64 elementor-section-boxed elementor-section-height-default elementor-section-height-default\" data-id=\"552bdc64\" data-element_type=\"section\">\n\t\t\t\t\t\t<div class=\"elementor-container elementor-column-gap-default\">\n\t\t\t\t\t\t\t<div class=\"elementor-row\">\n\t\t\t\t\t<div class=\"elementor-column elementor-col-100 elementor-top-column elementor-element elementor-element-4a3deaa2\" data-id=\"4a3deaa2\" data-element_type=\"column\">\n\t\t\t<div class=\"elementor-column-wrap elementor-element-populated\">\n\t\t\t\t\t\t\t<div class=\"elementor-widget-wrap\">\n\t\t\t\t\t\t<div class=\"elementor-element elementor-element-1e4b9db6 elementor-widget elementor-widget-text-editor\" data-id=\"1e4b9db6\" data-element_type=\"widget\" data-widget_type=\"text-editor.default\">\n\t\t\t\t<div class=\"elementor-widget-container\">\n\t\t\t\t\t<div class=\"elementor-text-editor elementor-clearfix\"><p><!-- wp:paragraph --><\/p>\n<p>La <b>ferme des 5 sens<\/b> est une petite <b>ferme biologique en polyculture-\u00e9levage<\/b>, install\u00e9e dans le midi corr\u00e9zien. Nous &#8211; Ga\u00ebl, Mathieu et Flavie &#8211; y conduisons un atelier de <b>mara\u00eechage<\/b>, un \u00e9levage de <b>vaches <\/b>et de <b>brebis allaitantes <\/b>ainsi qu&#8217;une production de<b> plantes m\u00e9dicinales<\/b>. Tous trois partageons la m\u00eame vision d&#8217;une <b>agriculture durable et paysanne<\/b>, et nous inspirons des <b>pratiques agro-\u00e9cologiques<\/b>.<\/p><p><br><\/p>\n<p><!-- \/wp:paragraph --><\/p>\n<p><!-- wp:paragraph --><\/p>\n<p><!-- \/wp:paragraph --><\/p>\n<p><!-- wp:image {\"align\":\"center\",\"id\":34,\"width\":464,\"height\":512,\"sizeSlug\":\"large\"} --><\/p>\n<div class=\"wp-block-image\">\n<figure class=\"aligncenter size-large is-resized\"><img loading=\"lazy\" class=\"wp-image-34\" src=\"http:\/\/lafermedes5sens.com\/wp-content\/uploads\/2020\/01\/arbre-09-928x1024.png\" alt=\"\" width=\"464\" height=\"512\" srcset=\"https:\/\/lafermedes5sens.com\/wp-content\/uploads\/2020\/01\/arbre-09-928x1024.png 928w, https:\/\/lafermedes5sens.com\/wp-content\/uploads\/2020\/01\/arbre-09-350x386.png 350w, https:\/\/lafermedes5sens.com\/wp-content\/uploads\/2020\/01\/arbre-09-272x300.png 272w, https:\/\/lafermedes5sens.com\/wp-content\/uploads\/2020\/01\/arbre-09-768x848.png 768w, https:\/\/lafermedes5sens.com\/wp-content\/uploads\/2020\/01\/arbre-09-1392x1536.png 1392w, https:\/\/lafermedes5sens.com\/wp-content\/uploads\/2020\/01\/arbre-09.png 1554w\" sizes=\"(max-width: 464px) 100vw, 464px\" \/><\/figure>\n<\/div>\n<p><!-- \/wp:image --><\/p>\n<p><!-- wp:columns --><\/p>\n<div class=\"wp-block-columns\">\n<p><!-- wp:column --><\/p>\n<div class=\"wp-block-column\">\n<p><!-- wp:image {\"align\":\"center\",\"id\":39,\"width\":110,\"height\":110,\"sizeSlug\":\"large\",\"className\":\"scale-up-center opacityp\"} --><\/p>\n<div class=\"wp-block-image scale-up-center opacityp\">\n<figure class=\"aligncenter size-large is-resized\"><a href=\"https:\/\/lafermedes5sens.com\/index.php\/lelevage\/\"><img loading=\"lazy\" class=\"wp-image-39\" src=\"http:\/\/lafermedes5sens.com\/wp-content\/uploads\/2020\/01\/icones-05.png\" alt=\"\" width=\"110\" height=\"110\" srcset=\"https:\/\/lafermedes5sens.com\/wp-content\/uploads\/2020\/01\/icones-05.png 639w, https:\/\/lafermedes5sens.com\/wp-content\/uploads\/2020\/01\/icones-05-250x250.png 250w, https:\/\/lafermedes5sens.com\/wp-content\/uploads\/2020\/01\/icones-05-100x100.png 100w, https:\/\/lafermedes5sens.com\/wp-content\/uploads\/2020\/01\/icones-05-350x350.png 350w, https:\/\/lafermedes5sens.com\/wp-content\/uploads\/2020\/01\/icones-05-300x300.png 300w, https:\/\/lafermedes5sens.com\/wp-content\/uploads\/2020\/01\/icones-05-150x150.png 150w\" sizes=\"(max-width: 110px) 100vw, 110px\" \/><\/a><\/figure>\n<\/div>\n<p><!-- \/wp:image --><\/p>\n<p><!-- wp:heading {\"align\":\"center\",\"level\":3,\"className\":\"prod-orange\"} --><\/p>\n<h3 class=\"has-text-align-center prod-orange\"><a href=\"https:\/\/lafermedes5sens.com\/index.php\/lelevage\/\"><em>\u00c9levage<\/em><\/a><\/h3>\n<p><!-- \/wp:heading --><\/p>\n<p><!-- wp:paragraph {\"align\":\"center\"} --><\/p>\n<p class=\"has-text-align-center\"><b>Vaches<\/b> et <b>brebis <\/b>\u00e9lev\u00e9es sur cinquante hectares de prairies <b>bio<\/b><\/p>\n<p><!-- \/wp:paragraph --><\/p>\n<\/div>\n<p><!-- \/wp:column --><\/p>\n<p><!-- wp:column --><\/p>\n<div class=\"wp-block-column\">\n<p><!-- wp:image {\"align\":\"center\",\"id\":40,\"width\":110,\"height\":110,\"sizeSlug\":\"large\",\"className\":\"scale-up-center opacityp\"} --><\/p>\n<div class=\"wp-block-image scale-up-center opacityp\">\n<figure class=\"aligncenter size-large is-resized\"><a href=\"https:\/\/lafermedes5sens.com\/index.php\/les-plantes-medicinales\/\"><img loading=\"lazy\" class=\"wp-image-40\" src=\"http:\/\/lafermedes5sens.com\/wp-content\/uploads\/2020\/01\/icones-06.png\" alt=\"\" width=\"110\" height=\"110\" srcset=\"https:\/\/lafermedes5sens.com\/wp-content\/uploads\/2020\/01\/icones-06.png 639w, https:\/\/lafermedes5sens.com\/wp-content\/uploads\/2020\/01\/icones-06-250x250.png 250w, https:\/\/lafermedes5sens.com\/wp-content\/uploads\/2020\/01\/icones-06-100x100.png 100w, https:\/\/lafermedes5sens.com\/wp-content\/uploads\/2020\/01\/icones-06-350x350.png 350w, https:\/\/lafermedes5sens.com\/wp-content\/uploads\/2020\/01\/icones-06-300x300.png 300w, https:\/\/lafermedes5sens.com\/wp-content\/uploads\/2020\/01\/icones-06-150x150.png 150w\" sizes=\"(max-width: 110px) 100vw, 110px\" \/><\/a><\/figure>\n<\/div>\n<p><!-- \/wp:image --><\/p>\n<p><!-- wp:heading {\"align\":\"center\",\"level\":3,\"className\":\"prod-vert\"} --><\/p>\n<h3 class=\"has-text-align-center prod-vert\"><em><a href=\"https:\/\/lafermedes5sens.com\/index.php\/les-plantes-medicinales\/\">Plantes m\u00e9dicinales<\/a><\/em><\/h3>\n<p><!-- \/wp:heading --><\/p>\n<p><!-- wp:paragraph {\"align\":\"center\"} --><\/p>\n<p class=\"has-text-align-center\"><b>Huiles essentielles<\/b>, <b>hydrolats<\/b>, <b>tisanes<\/b>, <b>sirops<\/b>&#8230; Une vingtaine de plantes m\u00e9dicinales sous toutes leurs formes&nbsp;!<\/p>\n<p><!-- \/wp:paragraph --><\/p>\n<\/div>\n<p><!-- \/wp:column --><\/p>\n<p><!-- wp:column --><\/p>\n<div class=\"wp-block-column\">\n<p><!-- wp:image {\"align\":\"center\",\"id\":41,\"width\":110,\"height\":110,\"sizeSlug\":\"large\",\"className\":\"scale-up-center opacityp\"} --><\/p>\n<div class=\"wp-block-image scale-up-center opacityp\">\n<figure class=\"aligncenter size-large is-resized\"><a href=\"https:\/\/lafermedes5sens.com\/index.php\/le-maraichage\/\"><img loading=\"lazy\" class=\"wp-image-41\" src=\"http:\/\/lafermedes5sens.com\/wp-content\/uploads\/2020\/01\/icones-07.png\" alt=\"\" width=\"110\" height=\"110\" srcset=\"https:\/\/lafermedes5sens.com\/wp-content\/uploads\/2020\/01\/icones-07.png 639w, https:\/\/lafermedes5sens.com\/wp-content\/uploads\/2020\/01\/icones-07-250x250.png 250w, https:\/\/lafermedes5sens.com\/wp-content\/uploads\/2020\/01\/icones-07-100x100.png 100w, https:\/\/lafermedes5sens.com\/wp-content\/uploads\/2020\/01\/icones-07-350x349.png 350w, https:\/\/lafermedes5sens.com\/wp-content\/uploads\/2020\/01\/icones-07-300x300.png 300w, https:\/\/lafermedes5sens.com\/wp-content\/uploads\/2020\/01\/icones-07-150x150.png 150w\" sizes=\"(max-width: 110px) 100vw, 110px\" \/><\/a><\/figure>\n<\/div>\n<p><!-- \/wp:image --><\/p>\n<p><!-- wp:heading {\"align\":\"center\",\"level\":3,\"className\":\"prod-brun\"} --><\/p>\n<h3 class=\"has-text-align-center prod-brun\"><em><a href=\"https:\/\/lafermedes5sens.com\/index.php\/le-maraichage\/\">Mara\u00eechage<\/a><\/em><\/h3>\n<p><!-- \/wp:heading --><\/p>\n<p><!-- wp:paragraph {\"align\":\"center\"} --><\/p>\n<p class=\"has-text-align-center\">Ils sont beaux, ils sont frais&nbsp;! D\u00e9couvrez nos <b>l\u00e9gumes bio<\/b> et <b>de saison<\/b>.<\/p>\n<p><!-- \/wp:paragraph --><\/p>\n<\/div>\n<p><!-- \/wp:column --><\/p>\n<\/div>\n<p><!-- \/wp:columns --><\/p>\n<p><!-- wp:paragraph --><\/p>\n<p><!-- \/wp:paragraph --><\/p><\/div>\n\t\t\t\t<\/div>\n\t\t\t\t<\/div>\n\t\t\t\t\t\t<\/div>\n\t\t\t\t\t<\/div>\n\t\t<\/div>\n\t\t\t\t\t\t\t\t<\/div>\n\t\t\t\t\t<\/div>\n\t\t<\/section>\n\t\t\t\t\t\t<\/div>\n\t\t\t\t\t\t<\/div>\n\t\t\t\t\t<\/div>\n\t\t","protected":false},"excerpt":{"rendered":"<p>La ferme des 5 sens est une petite ferme biologique en polyculture-\u00e9levage, install\u00e9e dans le midi corr\u00e9zien. Nous &#8211; Ga\u00ebl, Mathieu et Flavie &#8211; y conduisons un atelier de mara\u00eechage, un \u00e9levage de vaches et de brebis allaitantes ainsi qu&#8217;une production de plantes m\u00e9dicinales. Tous trois partageons la m\u00eame vision d&#8217;une agriculture durable et paysanne, &hellip; <\/p>\n<p class=\"link-more\"><a href=\"https:\/\/lafermedes5sens.com\/\" class=\"more-link\">Continuer la lecture<span class=\"screen-reader-text\"> de &laquo;&nbsp;La ferme des 5 sens&nbsp;&raquo;<\/span><\/a><\/p>\n","protected":false},"author":1,"featured_media":0,"parent":0,"menu_order":0,"comment_status":"closed","ping_status":"closed","template":"","meta":[],"yoast_head":"<!-- This site is optimized with the Yoast SEO plugin v15.4 - https:\/\/yoast.com\/wordpress\/plugins\/seo\/ -->\n<title>La ferme des 5 sens - La Ferme des 5 sens<\/title>\n<meta name=\"description\" content=\"Bienvenue sur la page d&#039;accueil de la ferme des 5 sens, une ferme bio du sud-Corr\u00e8ze qui produit des l\u00e9gumes, de la viande et des plantes m\u00e9dicinales !\" \/>\n<meta name=\"robots\" content=\"index, follow, max-snippet:-1, max-image-preview:large, max-video-preview:-1\" \/>\n<link rel=\"canonical\" href=\"https:\/\/lafermedes5sens.com\/\" \/>\n<meta property=\"og:locale\" content=\"fr_FR\" \/>\n<meta property=\"og:type\" content=\"article\" \/>\n<meta property=\"og:title\" content=\"La ferme des 5 sens - La Ferme des 5 sens\" \/>\n<meta property=\"og:description\" content=\"Bienvenue sur la page d&#039;accueil de la ferme des 5 sens, une ferme bio du sud-Corr\u00e8ze qui produit des l\u00e9gumes, de la viande et des plantes m\u00e9dicinales !\" \/>\n<meta property=\"og:url\" content=\"https:\/\/lafermedes5sens.com\/\" \/>\n<meta property=\"og:site_name\" content=\"La Ferme des 5 sens\" \/>\n<meta property=\"article:modified_time\" content=\"2021-07-13T13:03:48+00:00\" \/>\n<meta property=\"og:image\" content=\"http:\/\/lafermedes5sens.com\/wp-content\/uploads\/2020\/01\/arbre-09-928x1024.png\" \/>\n<meta name=\"twitter:card\" content=\"summary_large_image\" \/>\n<meta name=\"twitter:label1\" content=\"\u00c9crit par\">\n\t<meta name=\"twitter:data1\" content=\"admin5827\">\n\t<meta name=\"twitter:label2\" content=\"Dur\u00e9e de lecture est.\">\n\t<meta name=\"twitter:data2\" content=\"0 minute\">\n<script type=\"application\/ld+json\" class=\"yoast-schema-graph\">{\"@context\":\"https:\/\/schema.org\",\"@graph\":[{\"@type\":\"WebSite\",\"@id\":\"https:\/\/lafermedes5sens.com\/#website\",\"url\":\"https:\/\/lafermedes5sens.com\/\",\"name\":\"La Ferme des 5 sens\",\"description\":\"\",\"potentialAction\":[{\"@type\":\"SearchAction\",\"target\":\"https:\/\/lafermedes5sens.com\/?s={search_term_string}\",\"query-input\":\"required name=search_term_string\"}],\"inLanguage\":\"fr-FR\"},{\"@type\":\"ImageObject\",\"@id\":\"https:\/\/lafermedes5sens.com\/#primaryimage\",\"inLanguage\":\"fr-FR\",\"url\":\"http:\/\/lafermedes5sens.com\/wp-content\/uploads\/2020\/01\/arbre-09-928x1024.png\"},{\"@type\":\"WebPage\",\"@id\":\"https:\/\/lafermedes5sens.com\/#webpage\",\"url\":\"https:\/\/lafermedes5sens.com\/\",\"name\":\"La ferme des 5 sens - La Ferme des 5 sens\",\"isPartOf\":{\"@id\":\"https:\/\/lafermedes5sens.com\/#website\"},\"primaryImageOfPage\":{\"@id\":\"https:\/\/lafermedes5sens.com\/#primaryimage\"},\"datePublished\":\"2020-01-26T19:01:34+00:00\",\"dateModified\":\"2021-07-13T13:03:48+00:00\",\"description\":\"Bienvenue sur la page d'accueil de la ferme des 5 sens, une ferme bio du sud-Corr\\u00e8ze qui produit des l\\u00e9gumes, de la viande et des plantes m\\u00e9dicinales !\",\"inLanguage\":\"fr-FR\",\"potentialAction\":[{\"@type\":\"ReadAction\",\"target\":[\"https:\/\/lafermedes5sens.com\/\"]}]}]}<\/script>\n<!-- \/ Yoast SEO plugin. -->","_links":{"self":[{"href":"https:\/\/lafermedes5sens.com\/index.php\/wp-json\/wp\/v2\/pages\/9"}],"collection":[{"href":"https:\/\/lafermedes5sens.com\/index.php\/wp-json\/wp\/v2\/pages"}],"about":[{"href":"https:\/\/lafermedes5sens.com\/index.php\/wp-json\/wp\/v2\/types\/page"}],"author":[{"embeddable":true,"href":"https:\/\/lafermedes5sens.com\/index.php\/wp-json\/wp\/v2\/users\/1"}],"replies":[{"embeddable":true,"href":"https:\/\/lafermedes5sens.com\/index.php\/wp-json\/wp\/v2\/comments?post=9"}],"version-history":[{"count":31,"href":"https:\/\/lafermedes5sens.com\/index.php\/wp-json\/wp\/v2\/pages\/9\/revisions"}],"predecessor-version":[{"id":705,"href":"https:\/\/lafermedes5sens.com\/index.php\/wp-json\/wp\/v2\/pages\/9\/revisions\/705"}],"wp:attachment":[{"href":"https:\/\/lafermedes5sens.com\/index.php\/wp-json\/wp\/v2\/media?parent=9"}],"curies":[{"name":"wp","href":"https:\/\/api.w.org\/{rel}","templated":true}]}}