{"id":78,"date":"2020-01-26T20:48:02","date_gmt":"2020-01-26T19:48:02","guid":{"rendered":"http:\/\/lafermedes5sens.com\/?page_id=78"},"modified":"2020-11-04T10:40:38","modified_gmt":"2020-11-04T09:40:38","slug":"les-plantes-medicinales","status":"publish","type":"page","link":"https:\/\/lafermedes5sens.com\/index.php\/les-plantes-medicinales\/","title":{"rendered":"Les plantes m\u00e9dicinales"},"content":{"rendered":"\t\t<div data-elementor-type=\"wp-page\" data-elementor-id=\"78\" class=\"elementor elementor-78\" data-elementor-settings=\"[]\">\n\t\t\t\t\t\t<div class=\"elementor-inner\">\n\t\t\t\t\t\t\t<div class=\"elementor-section-wrap\">\n\t\t\t\t\t\t\t<section class=\"elementor-section elementor-top-section elementor-element elementor-element-3cc718f elementor-section-boxed elementor-section-height-default elementor-section-height-default\" data-id=\"3cc718f\" data-element_type=\"section\">\n\t\t\t\t\t\t<div class=\"elementor-container elementor-column-gap-default\">\n\t\t\t\t\t\t\t<div class=\"elementor-row\">\n\t\t\t\t\t<div class=\"elementor-column elementor-col-100 elementor-top-column elementor-element elementor-element-cd48f87\" data-id=\"cd48f87\" data-element_type=\"column\">\n\t\t\t<div class=\"elementor-column-wrap elementor-element-populated\">\n\t\t\t\t\t\t\t<div class=\"elementor-widget-wrap\">\n\t\t\t\t\t\t<div class=\"elementor-element elementor-element-9db6718 elementor-widget elementor-widget-text-editor\" data-id=\"9db6718\" data-element_type=\"widget\" data-widget_type=\"text-editor.default\">\n\t\t\t\t<div class=\"elementor-widget-container\">\n\t\t\t\t\t<div class=\"elementor-text-editor elementor-clearfix\"><\/div>\n\t\t\t\t<\/div>\n\t\t\t\t<\/div>\n\t\t\t\t<section class=\"elementor-section elementor-inner-section elementor-element elementor-element-0755927 elementor-section-content-middle elementor-section-boxed elementor-section-height-default elementor-section-height-default\" data-id=\"0755927\" data-element_type=\"section\">\n\t\t\t\t\t\t<div class=\"elementor-container elementor-column-gap-default\">\n\t\t\t\t\t\t\t<div class=\"elementor-row\">\n\t\t\t\t\t<div class=\"elementor-column elementor-col-50 elementor-inner-column elementor-element elementor-element-408a042\" data-id=\"408a042\" data-element_type=\"column\">\n\t\t\t<div class=\"elementor-column-wrap elementor-element-populated\">\n\t\t\t\t\t\t\t<div class=\"elementor-widget-wrap\">\n\t\t\t\t\t\t<div class=\"elementor-element elementor-element-4e633dc elementor-widget elementor-widget-text-editor\" data-id=\"4e633dc\" data-element_type=\"widget\" data-widget_type=\"text-editor.default\">\n\t\t\t\t<div class=\"elementor-widget-container\">\n\t\t\t\t\t<div class=\"elementor-text-editor elementor-clearfix\"><p><i>\u2666&nbsp;<a href=\"https:\/\/lafermedes5sens.com\/index.php\/de-la-culture-a-la-recolte\/\">De la culture \u00e0 la r\u00e9colte<\/a><\/i><\/p>\n<p><i>\u2666&nbsp;<a href=\"https:\/\/lafermedes5sens.com\/index.php\/le-sechage-des-plantes\/\">Le s\u00e9chage des plantes<\/a><\/i><\/p>\n<p><i>\u2666&nbsp;<a href=\"https:\/\/lafermedes5sens.com\/index.php\/la-distillation\/\">La distillation<\/a><\/i><\/p><\/div>\n\t\t\t\t<\/div>\n\t\t\t\t<\/div>\n\t\t\t\t\t\t<\/div>\n\t\t\t\t\t<\/div>\n\t\t<\/div>\n\t\t\t\t<div class=\"elementor-column elementor-col-50 elementor-inner-column elementor-element elementor-element-6837ac9\" data-id=\"6837ac9\" data-element_type=\"column\">\n\t\t\t<div class=\"elementor-column-wrap elementor-element-populated\">\n\t\t\t\t\t\t\t<div class=\"elementor-widget-wrap\">\n\t\t\t\t\t\t<div class=\"elementor-element elementor-element-f4d8a81 elementor-widget elementor-widget-image\" data-id=\"f4d8a81\" data-element_type=\"widget\" data-widget_type=\"image.default\">\n\t\t\t\t<div class=\"elementor-widget-container\">\n\t\t\t\t\t<div class=\"elementor-image\">\n\t\t\t\t\t\t\t\t\t\t<img width=\"525\" height=\"295\" src=\"https:\/\/lafermedes5sens.com\/wp-content\/uploads\/2020\/04\/P1150573-1024x575.jpg\" class=\"attachment-large size-large\" alt=\"Papillon dans Lavande\" loading=\"lazy\" srcset=\"https:\/\/lafermedes5sens.com\/wp-content\/uploads\/2020\/04\/P1150573-1024x575.jpg 1024w, https:\/\/lafermedes5sens.com\/wp-content\/uploads\/2020\/04\/P1150573-300x169.jpg 300w, https:\/\/lafermedes5sens.com\/wp-content\/uploads\/2020\/04\/P1150573-768x432.jpg 768w, https:\/\/lafermedes5sens.com\/wp-content\/uploads\/2020\/04\/P1150573-1536x863.jpg 1536w, https:\/\/lafermedes5sens.com\/wp-content\/uploads\/2020\/04\/P1150573-2048x1151.jpg 2048w, https:\/\/lafermedes5sens.com\/wp-content\/uploads\/2020\/04\/P1150573-350x197.jpg 350w\" sizes=\"100vw\" \/>\t\t\t\t\t\t\t\t\t\t\t<\/div>\n\t\t\t\t<\/div>\n\t\t\t\t<\/div>\n\t\t\t\t\t\t<\/div>\n\t\t\t\t\t<\/div>\n\t\t<\/div>\n\t\t\t\t\t\t\t\t<\/div>\n\t\t\t\t\t<\/div>\n\t\t<\/section>\n\t\t\t\t\t\t<\/div>\n\t\t\t\t\t<\/div>\n\t\t<\/div>\n\t\t\t\t\t\t\t\t<\/div>\n\t\t\t\t\t<\/div>\n\t\t<\/section>\n\t\t\t\t\t\t<\/div>\n\t\t\t\t\t\t<\/div>\n\t\t\t\t\t<\/div>\n\t\t","protected":false},"excerpt":{"rendered":"<p>\u2666&nbsp;De la culture \u00e0 la r\u00e9colte \u2666&nbsp;Le s\u00e9chage des plantes \u2666&nbsp;La distillation<\/p>\n","protected":false},"author":1,"featured_media":0,"parent":0,"menu_order":0,"comment_status":"closed","ping_status":"closed","template":"","meta":[],"yoast_head":"<!-- This site is optimized with the Yoast SEO plugin v15.4 - https:\/\/yoast.com\/wordpress\/plugins\/seo\/ -->\n<title>Les plantes m\u00e9dicinales - La Ferme des 5 sens<\/title>\n<meta name=\"description\" content=\"Flavie cultive et cueille \u00e0 l&#039;\u00e9tat sauvage une cinquantaine de plantes m\u00e9dicinales, dont une vingtaine sont distill\u00e9es pour donner huiles essentielles et hydrolats.\" \/>\n<meta name=\"robots\" content=\"index, follow, max-snippet:-1, max-image-preview:large, max-video-preview:-1\" \/>\n<link rel=\"canonical\" href=\"https:\/\/lafermedes5sens.com\/index.php\/les-plantes-medicinales\/\" \/>\n<meta property=\"og:locale\" content=\"fr_FR\" \/>\n<meta property=\"og:type\" content=\"article\" \/>\n<meta property=\"og:title\" content=\"Les plantes m\u00e9dicinales - La Ferme des 5 sens\" \/>\n<meta property=\"og:description\" content=\"Flavie cultive et cueille \u00e0 l&#039;\u00e9tat sauvage une cinquantaine de plantes m\u00e9dicinales, dont une vingtaine sont distill\u00e9es pour donner huiles essentielles et hydrolats.\" \/>\n<meta property=\"og:url\" content=\"https:\/\/lafermedes5sens.com\/index.php\/les-plantes-medicinales\/\" \/>\n<meta property=\"og:site_name\" content=\"La Ferme des 5 sens\" \/>\n<meta property=\"article:modified_time\" content=\"2020-11-04T09:40:38+00:00\" \/>\n<meta property=\"og:image\" content=\"https:\/\/lafermedes5sens.com\/wp-content\/uploads\/2020\/04\/P1150573-1024x575.jpg\" \/>\n<meta name=\"twitter:card\" content=\"summary_large_image\" \/>\n<meta name=\"twitter:label1\" content=\"\u00c9crit par\">\n\t<meta name=\"twitter:data1\" content=\"admin5827\">\n\t<meta name=\"twitter:label2\" content=\"Dur\u00e9e de lecture est.\">\n\t<meta name=\"twitter:data2\" content=\"0 minute\">\n<script type=\"application\/ld+json\" class=\"yoast-schema-graph\">{\"@context\":\"https:\/\/schema.org\",\"@graph\":[{\"@type\":\"WebSite\",\"@id\":\"https:\/\/lafermedes5sens.com\/#website\",\"url\":\"https:\/\/lafermedes5sens.com\/\",\"name\":\"La Ferme des 5 sens\",\"description\":\"\",\"potentialAction\":[{\"@type\":\"SearchAction\",\"target\":\"https:\/\/lafermedes5sens.com\/?s={search_term_string}\",\"query-input\":\"required name=search_term_string\"}],\"inLanguage\":\"fr-FR\"},{\"@type\":\"ImageObject\",\"@id\":\"https:\/\/lafermedes5sens.com\/index.php\/les-plantes-medicinales\/#primaryimage\",\"inLanguage\":\"fr-FR\",\"url\":\"https:\/\/lafermedes5sens.com\/wp-content\/uploads\/2020\/04\/P1150573-1024x575.jpg\"},{\"@type\":\"WebPage\",\"@id\":\"https:\/\/lafermedes5sens.com\/index.php\/les-plantes-medicinales\/#webpage\",\"url\":\"https:\/\/lafermedes5sens.com\/index.php\/les-plantes-medicinales\/\",\"name\":\"Les plantes m\\u00e9dicinales - La Ferme des 5 sens\",\"isPartOf\":{\"@id\":\"https:\/\/lafermedes5sens.com\/#website\"},\"primaryImageOfPage\":{\"@id\":\"https:\/\/lafermedes5sens.com\/index.php\/les-plantes-medicinales\/#primaryimage\"},\"datePublished\":\"2020-01-26T19:48:02+00:00\",\"dateModified\":\"2020-11-04T09:40:38+00:00\",\"description\":\"Flavie cultive et cueille \\u00e0 l'\\u00e9tat sauvage une cinquantaine de plantes m\\u00e9dicinales, dont une vingtaine sont distill\\u00e9es pour donner huiles essentielles et hydrolats.\",\"inLanguage\":\"fr-FR\",\"potentialAction\":[{\"@type\":\"ReadAction\",\"target\":[\"https:\/\/lafermedes5sens.com\/index.php\/les-plantes-medicinales\/\"]}]}]}<\/script>\n<!-- \/ Yoast SEO plugin. -->","_links":{"self":[{"href":"https:\/\/lafermedes5sens.com\/index.php\/wp-json\/wp\/v2\/pages\/78"}],"collection":[{"href":"https:\/\/lafermedes5sens.com\/index.php\/wp-json\/wp\/v2\/pages"}],"about":[{"href":"https:\/\/lafermedes5sens.com\/index.php\/wp-json\/wp\/v2\/types\/page"}],"author":[{"embeddable":true,"href":"https:\/\/lafermedes5sens.com\/index.php\/wp-json\/wp\/v2\/users\/1"}],"replies":[{"embeddable":true,"href":"https:\/\/lafermedes5sens.com\/index.php\/wp-json\/wp\/v2\/comments?post=78"}],"version-history":[{"count":6,"href":"https:\/\/lafermedes5sens.com\/index.php\/wp-json\/wp\/v2\/pages\/78\/revisions"}],"predecessor-version":[{"id":590,"href":"https:\/\/lafermedes5sens.com\/index.php\/wp-json\/wp\/v2\/pages\/78\/revisions\/590"}],"wp:attachment":[{"href":"https:\/\/lafermedes5sens.com\/index.php\/wp-json\/wp\/v2\/media?parent=78"}],"curies":[{"name":"wp","href":"https:\/\/api.w.org\/{rel}","templated":true}]}}