{"id":115,"date":"2020-01-26T21:29:16","date_gmt":"2020-01-26T20:29:16","guid":{"rendered":"http:\/\/lafermedes5sens.com\/?page_id=115"},"modified":"2020-11-04T09:45:03","modified_gmt":"2020-11-04T08:45:03","slug":"lautonomie-alimentaire-et-sanitaire","status":"publish","type":"page","link":"https:\/\/lafermedes5sens.com\/index.php\/lautonomie-alimentaire-et-sanitaire\/","title":{"rendered":"L\u2019autonomie alimentaire et sanitaire"},"content":{"rendered":"\t\t<div data-elementor-type=\"wp-page\" data-elementor-id=\"115\" class=\"elementor elementor-115\" data-elementor-settings=\"[]\">\n\t\t\t\t\t\t<div class=\"elementor-inner\">\n\t\t\t\t\t\t\t<div class=\"elementor-section-wrap\">\n\t\t\t\t\t\t\t<section class=\"elementor-section elementor-top-section elementor-element elementor-element-58938275 elementor-section-boxed elementor-section-height-default elementor-section-height-default\" data-id=\"58938275\" data-element_type=\"section\">\n\t\t\t\t\t\t<div class=\"elementor-container elementor-column-gap-default\">\n\t\t\t\t\t\t\t<div class=\"elementor-row\">\n\t\t\t\t\t<div class=\"elementor-column elementor-col-100 elementor-top-column elementor-element elementor-element-17f903d4\" data-id=\"17f903d4\" data-element_type=\"column\">\n\t\t\t<div class=\"elementor-column-wrap elementor-element-populated\">\n\t\t\t\t\t\t\t<div class=\"elementor-widget-wrap\">\n\t\t\t\t\t\t<div class=\"elementor-element elementor-element-45b4aaf0 elementor-widget elementor-widget-text-editor\" data-id=\"45b4aaf0\" data-element_type=\"widget\" data-widget_type=\"text-editor.default\">\n\t\t\t\t<div class=\"elementor-widget-container\">\n\t\t\t\t\t<div class=\"elementor-text-editor elementor-clearfix\"><p><!-- wp:paragraph --><\/p>\n<p>D\u00e8s le d\u00e9part, l&#8217;<b>autonomie alimentaire<\/b> a \u00e9t\u00e9 une pr\u00e9occupation forte sur la ferme. Nous avons donc mis en place des <strong>m\u00e9teils<\/strong> (m\u00e9langes de c\u00e9r\u00e9ales et de l\u00e9gumineuses) multi-vari\u00e9taux, et ressem\u00e9 des <strong>prairies<\/strong> vieillissantes. Nous cultivons \u00e9galement de la<strong> luzerne en syst\u00e8me agroforestier<\/strong> sous noyers. Nous avons aujourd\u2019hui atteint les objectifs que nous nous \u00e9tions fix\u00e9s en termes d\u2019autonomie alimentaire&nbsp;: r\u00e9duction des fourrages ferment\u00e9s, <b>autoproduction<\/b> de la compl\u00e9mentation en c\u00e9r\u00e9ales pour les broutards, utilisation de <b>semences fermi\u00e8res<\/b>.<\/p>\n<p><!-- \/wp:paragraph --><\/p>\n<p><!-- wp:paragraph --><\/p>\n<p>Sur le plan <b>sanitaire<\/b>, nous essayons autant que possible de faire de la pr\u00e9vention et\/ou de soigner nos animaux gr\u00e2ce \u00e0 l&#8217;<strong>argile<\/strong>, \u00e0 la <strong>phytoth\u00e9rapie<\/strong> (hom\u00e9opathie, huiles essentielles, hydrolats et parfois tisanes ou d\u00e9coctions de plantes) et \u00e0 l&#8217;<strong>ost\u00e9opathie<\/strong>. Nous continuons \u00e0 nous former d\u00e8s que possible dans ce but. Malgr\u00e9 tout, nous devons parfois recourir aux antiparasitaires, dont il est encore difficile de se passer, et, tr\u00e8s ponctuellement, aux antibiotiques, contre certaines diarrh\u00e9es du veau.&nbsp; <\/p>\n<p><!-- \/wp:paragraph --><\/p><\/div>\n\t\t\t\t<\/div>\n\t\t\t\t<\/div>\n\t\t\t\t<div class=\"elementor-element elementor-element-5678308 gallery-spacing-custom elementor-widget elementor-widget-image-gallery\" data-id=\"5678308\" data-element_type=\"widget\" data-widget_type=\"image-gallery.default\">\n\t\t\t\t<div class=\"elementor-widget-container\">\n\t\t\t\t\t<div class=\"elementor-image-gallery\">\n\t\t\t<div id='gallery-1' class='gallery galleryid-115 gallery-columns-3 gallery-size-shop_catalog'><figure class='gallery-item'>\n\t\t\t<div class='gallery-icon landscape'>\n\t\t\t\t<a data-elementor-open-lightbox=\"yes\" data-elementor-lightbox-slideshow=\"5678308\" href='https:\/\/lafermedes5sens.com\/wp-content\/uploads\/2020\/04\/P1180948-3.jpg'><img width=\"250\" height=\"250\" src=\"https:\/\/lafermedes5sens.com\/wp-content\/uploads\/2020\/04\/P1180948-3-250x250.jpg\" class=\"attachment-shop_catalog size-shop_catalog\" alt=\"\" loading=\"lazy\" aria-describedby=\"gallery-1-413\" srcset=\"https:\/\/lafermedes5sens.com\/wp-content\/uploads\/2020\/04\/P1180948-3-250x250.jpg 250w, https:\/\/lafermedes5sens.com\/wp-content\/uploads\/2020\/04\/P1180948-3-150x150.jpg 150w, https:\/\/lafermedes5sens.com\/wp-content\/uploads\/2020\/04\/P1180948-3-100x100.jpg 100w\" sizes=\"100vw\" \/><\/a>\n\t\t\t<\/div>\n\t\t\t\t<figcaption class='wp-caption-text gallery-caption' id='gallery-1-413'>\n\t\t\t\tP\u00e2turage extensif\n\t\t\t\t<\/figcaption><\/figure><figure class='gallery-item'>\n\t\t\t<div class='gallery-icon landscape'>\n\t\t\t\t<a data-elementor-open-lightbox=\"yes\" data-elementor-lightbox-slideshow=\"5678308\" href='https:\/\/lafermedes5sens.com\/wp-content\/uploads\/2020\/04\/P1110966-scaled.jpg'><img width=\"250\" height=\"250\" src=\"https:\/\/lafermedes5sens.com\/wp-content\/uploads\/2020\/04\/P1110966-250x250.jpg\" class=\"attachment-shop_catalog size-shop_catalog\" alt=\"Veau limousin t\u00eatant\" loading=\"lazy\" aria-describedby=\"gallery-1-411\" srcset=\"https:\/\/lafermedes5sens.com\/wp-content\/uploads\/2020\/04\/P1110966-250x250.jpg 250w, https:\/\/lafermedes5sens.com\/wp-content\/uploads\/2020\/04\/P1110966-150x150.jpg 150w, https:\/\/lafermedes5sens.com\/wp-content\/uploads\/2020\/04\/P1110966-100x100.jpg 100w\" sizes=\"100vw\" \/><\/a>\n\t\t\t<\/div>\n\t\t\t\t<figcaption class='wp-caption-text gallery-caption' id='gallery-1-411'>\n\t\t\t\tVeau sous la m\u00e8re\n\t\t\t\t<\/figcaption><\/figure><figure class='gallery-item'>\n\t\t\t<div class='gallery-icon landscape'>\n\t\t\t\t<a data-elementor-open-lightbox=\"yes\" data-elementor-lightbox-slideshow=\"5678308\" data-elementor-lightbox-title=\"P1110973\" href='https:\/\/lafermedes5sens.com\/wp-content\/uploads\/2020\/04\/P1110973-scaled.jpg'><img width=\"250\" height=\"250\" src=\"https:\/\/lafermedes5sens.com\/wp-content\/uploads\/2020\/04\/P1110973-250x250.jpg\" class=\"attachment-shop_catalog size-shop_catalog\" alt=\"\" loading=\"lazy\" aria-describedby=\"gallery-1-431\" srcset=\"https:\/\/lafermedes5sens.com\/wp-content\/uploads\/2020\/04\/P1110973-250x250.jpg 250w, https:\/\/lafermedes5sens.com\/wp-content\/uploads\/2020\/04\/P1110973-150x150.jpg 150w, https:\/\/lafermedes5sens.com\/wp-content\/uploads\/2020\/04\/P1110973-100x100.jpg 100w\" sizes=\"100vw\" \/><\/a>\n\t\t\t<\/div>\n\t\t\t\t<figcaption class='wp-caption-text gallery-caption' id='gallery-1-431'>\n\t\t\t\tCulture de c\u00e9r\u00e9ales\n\t\t\t\t<\/figcaption><\/figure><figure class='gallery-item'>\n\t\t\t<div class='gallery-icon landscape'>\n\t\t\t\t<a data-elementor-open-lightbox=\"yes\" data-elementor-lightbox-slideshow=\"5678308\" data-elementor-lightbox-title=\"P1110973\" href='https:\/\/lafermedes5sens.com\/wp-content\/uploads\/2020\/04\/IMG_0455-1.jpg'><img width=\"250\" height=\"250\" src=\"https:\/\/lafermedes5sens.com\/wp-content\/uploads\/2020\/04\/IMG_0455-1-250x250.jpg\" class=\"attachment-shop_catalog size-shop_catalog\" alt=\"Brebis au pr\u00e9\" loading=\"lazy\" aria-describedby=\"gallery-1-339\" srcset=\"https:\/\/lafermedes5sens.com\/wp-content\/uploads\/2020\/04\/IMG_0455-1-250x250.jpg 250w, https:\/\/lafermedes5sens.com\/wp-content\/uploads\/2020\/04\/IMG_0455-1-300x300.jpg 300w, https:\/\/lafermedes5sens.com\/wp-content\/uploads\/2020\/04\/IMG_0455-1-1024x1024.jpg 1024w, https:\/\/lafermedes5sens.com\/wp-content\/uploads\/2020\/04\/IMG_0455-1-150x150.jpg 150w, https:\/\/lafermedes5sens.com\/wp-content\/uploads\/2020\/04\/IMG_0455-1-768x768.jpg 768w, https:\/\/lafermedes5sens.com\/wp-content\/uploads\/2020\/04\/IMG_0455-1-1536x1536.jpg 1536w, https:\/\/lafermedes5sens.com\/wp-content\/uploads\/2020\/04\/IMG_0455-1-2048x2048.jpg 2048w, https:\/\/lafermedes5sens.com\/wp-content\/uploads\/2020\/04\/IMG_0455-1-100x100.jpg 100w, https:\/\/lafermedes5sens.com\/wp-content\/uploads\/2020\/04\/IMG_0455-1-350x350.jpg 350w\" sizes=\"100vw\" \/><\/a>\n\t\t\t<\/div>\n\t\t\t\t<figcaption class='wp-caption-text gallery-caption' id='gallery-1-339'>\n\t\t\t\tBrebis au pr\u00e9\n\t\t\t\t<\/figcaption><\/figure><figure class='gallery-item'>\n\t\t\t<div class='gallery-icon landscape'>\n\t\t\t\t<a data-elementor-open-lightbox=\"yes\" data-elementor-lightbox-slideshow=\"5678308\" data-elementor-lightbox-title=\"P1110973\" href='https:\/\/lafermedes5sens.com\/wp-content\/uploads\/2020\/04\/P1110859-scaled.jpg'><img width=\"250\" height=\"250\" src=\"https:\/\/lafermedes5sens.com\/wp-content\/uploads\/2020\/04\/P1110859-250x250.jpg\" class=\"attachment-shop_catalog size-shop_catalog\" alt=\"Vaches limousines au pr\u00e9\" loading=\"lazy\" aria-describedby=\"gallery-1-276\" srcset=\"https:\/\/lafermedes5sens.com\/wp-content\/uploads\/2020\/04\/P1110859-250x250.jpg 250w, https:\/\/lafermedes5sens.com\/wp-content\/uploads\/2020\/04\/P1110859-150x150.jpg 150w, https:\/\/lafermedes5sens.com\/wp-content\/uploads\/2020\/04\/P1110859-100x100.jpg 100w\" sizes=\"100vw\" \/><\/a>\n\t\t\t<\/div>\n\t\t\t\t<figcaption class='wp-caption-text gallery-caption' id='gallery-1-276'>\n\t\t\t\tP\u00e2turage extensif\n\t\t\t\t<\/figcaption><\/figure><figure class='gallery-item'>\n\t\t\t<div class='gallery-icon landscape'>\n\t\t\t\t<a data-elementor-open-lightbox=\"yes\" data-elementor-lightbox-slideshow=\"5678308\" data-elementor-lightbox-title=\"P1110973\" href='https:\/\/lafermedes5sens.com\/wp-content\/uploads\/2020\/04\/P1160193-scaled.jpg'><img width=\"250\" height=\"250\" src=\"https:\/\/lafermedes5sens.com\/wp-content\/uploads\/2020\/04\/P1160193-250x250.jpg\" class=\"attachment-shop_catalog size-shop_catalog\" alt=\"Vaches limousines hiver\" loading=\"lazy\" aria-describedby=\"gallery-1-412\" srcset=\"https:\/\/lafermedes5sens.com\/wp-content\/uploads\/2020\/04\/P1160193-250x250.jpg 250w, https:\/\/lafermedes5sens.com\/wp-content\/uploads\/2020\/04\/P1160193-150x150.jpg 150w, https:\/\/lafermedes5sens.com\/wp-content\/uploads\/2020\/04\/P1160193-100x100.jpg 100w\" sizes=\"100vw\" \/><\/a>\n\t\t\t<\/div>\n\t\t\t\t<figcaption class='wp-caption-text gallery-caption' id='gallery-1-412'>\n\t\t\t\tP\u00e2turage hivernal\n\t\t\t\t<\/figcaption><\/figure>\n\t\t<\/div>\n\t\t<\/div>\n\t\t\t\t<\/div>\n\t\t\t\t<\/div>\n\t\t\t\t\t\t<\/div>\n\t\t\t\t\t<\/div>\n\t\t<\/div>\n\t\t\t\t\t\t\t\t<\/div>\n\t\t\t\t\t<\/div>\n\t\t<\/section>\n\t\t\t\t\t\t<\/div>\n\t\t\t\t\t\t<\/div>\n\t\t\t\t\t<\/div>\n\t\t","protected":false},"excerpt":{"rendered":"<p>D\u00e8s le d\u00e9part, l&#8217;autonomie alimentaire a \u00e9t\u00e9 une pr\u00e9occupation forte sur la ferme. Nous avons donc mis en place des m\u00e9teils (m\u00e9langes de c\u00e9r\u00e9ales et de l\u00e9gumineuses) multi-vari\u00e9taux, et ressem\u00e9 des prairies vieillissantes. Nous cultivons \u00e9galement de la luzerne en syst\u00e8me agroforestier sous noyers. Nous avons aujourd\u2019hui atteint les objectifs que nous nous \u00e9tions fix\u00e9s &hellip; <\/p>\n<p class=\"link-more\"><a href=\"https:\/\/lafermedes5sens.com\/index.php\/lautonomie-alimentaire-et-sanitaire\/\" class=\"more-link\">Continuer la lecture<span class=\"screen-reader-text\"> de &laquo;&nbsp;L\u2019autonomie alimentaire et sanitaire&nbsp;&raquo;<\/span><\/a><\/p>\n","protected":false},"author":1,"featured_media":0,"parent":0,"menu_order":0,"comment_status":"closed","ping_status":"closed","template":"","meta":[],"yoast_head":"<!-- This site is optimized with the Yoast SEO plugin v15.4 - https:\/\/yoast.com\/wordpress\/plugins\/seo\/ -->\n<title>L\u2019autonomie alimentaire et sanitaire - La Ferme des 5 sens<\/title>\n<meta name=\"description\" content=\"Mathieu recherche une autonomie alimentaire et sanitaire au sein de ses troupeaux. Pour cela, il met en place des solutions innovantes.\" \/>\n<meta name=\"robots\" content=\"index, follow, max-snippet:-1, max-image-preview:large, max-video-preview:-1\" \/>\n<link rel=\"canonical\" href=\"https:\/\/lafermedes5sens.com\/index.php\/lautonomie-alimentaire-et-sanitaire\/\" \/>\n<meta property=\"og:locale\" content=\"fr_FR\" \/>\n<meta property=\"og:type\" content=\"article\" \/>\n<meta property=\"og:title\" content=\"L\u2019autonomie alimentaire et sanitaire - La Ferme des 5 sens\" \/>\n<meta property=\"og:description\" content=\"Mathieu recherche une autonomie alimentaire et sanitaire au sein de ses troupeaux. Pour cela, il met en place des solutions innovantes.\" \/>\n<meta property=\"og:url\" content=\"https:\/\/lafermedes5sens.com\/index.php\/lautonomie-alimentaire-et-sanitaire\/\" \/>\n<meta property=\"og:site_name\" content=\"La Ferme des 5 sens\" \/>\n<meta property=\"article:modified_time\" content=\"2020-11-04T08:45:03+00:00\" \/>\n<meta property=\"og:image\" content=\"https:\/\/lafermedes5sens.com\/wp-content\/uploads\/2020\/04\/P1180948-3-250x250.jpg\" \/>\n<meta name=\"twitter:card\" content=\"summary_large_image\" \/>\n<meta name=\"twitter:label1\" content=\"\u00c9crit par\">\n\t<meta name=\"twitter:data1\" content=\"admin5827\">\n\t<meta name=\"twitter:label2\" content=\"Dur\u00e9e de lecture est.\">\n\t<meta name=\"twitter:data2\" content=\"1 minute\">\n<script type=\"application\/ld+json\" class=\"yoast-schema-graph\">{\"@context\":\"https:\/\/schema.org\",\"@graph\":[{\"@type\":\"WebSite\",\"@id\":\"https:\/\/lafermedes5sens.com\/#website\",\"url\":\"https:\/\/lafermedes5sens.com\/\",\"name\":\"La Ferme des 5 sens\",\"description\":\"\",\"potentialAction\":[{\"@type\":\"SearchAction\",\"target\":\"https:\/\/lafermedes5sens.com\/?s={search_term_string}\",\"query-input\":\"required name=search_term_string\"}],\"inLanguage\":\"fr-FR\"},{\"@type\":\"ImageObject\",\"@id\":\"https:\/\/lafermedes5sens.com\/index.php\/lautonomie-alimentaire-et-sanitaire\/#primaryimage\",\"inLanguage\":\"fr-FR\",\"url\":\"https:\/\/lafermedes5sens.com\/wp-content\/uploads\/2020\/04\/P1180948-3.jpg\",\"width\":2560,\"height\":1920,\"caption\":\"P\\u00e2turage extensif\"},{\"@type\":\"WebPage\",\"@id\":\"https:\/\/lafermedes5sens.com\/index.php\/lautonomie-alimentaire-et-sanitaire\/#webpage\",\"url\":\"https:\/\/lafermedes5sens.com\/index.php\/lautonomie-alimentaire-et-sanitaire\/\",\"name\":\"L\\u2019autonomie alimentaire et sanitaire - La Ferme des 5 sens\",\"isPartOf\":{\"@id\":\"https:\/\/lafermedes5sens.com\/#website\"},\"primaryImageOfPage\":{\"@id\":\"https:\/\/lafermedes5sens.com\/index.php\/lautonomie-alimentaire-et-sanitaire\/#primaryimage\"},\"datePublished\":\"2020-01-26T20:29:16+00:00\",\"dateModified\":\"2020-11-04T08:45:03+00:00\",\"description\":\"Mathieu recherche une autonomie alimentaire et sanitaire au sein de ses troupeaux. Pour cela, il met en place des solutions innovantes.\",\"inLanguage\":\"fr-FR\",\"potentialAction\":[{\"@type\":\"ReadAction\",\"target\":[\"https:\/\/lafermedes5sens.com\/index.php\/lautonomie-alimentaire-et-sanitaire\/\"]}]}]}<\/script>\n<!-- \/ Yoast SEO plugin. -->","_links":{"self":[{"href":"https:\/\/lafermedes5sens.com\/index.php\/wp-json\/wp\/v2\/pages\/115"}],"collection":[{"href":"https:\/\/lafermedes5sens.com\/index.php\/wp-json\/wp\/v2\/pages"}],"about":[{"href":"https:\/\/lafermedes5sens.com\/index.php\/wp-json\/wp\/v2\/types\/page"}],"author":[{"embeddable":true,"href":"https:\/\/lafermedes5sens.com\/index.php\/wp-json\/wp\/v2\/users\/1"}],"replies":[{"embeddable":true,"href":"https:\/\/lafermedes5sens.com\/index.php\/wp-json\/wp\/v2\/comments?post=115"}],"version-history":[{"count":6,"href":"https:\/\/lafermedes5sens.com\/index.php\/wp-json\/wp\/v2\/pages\/115\/revisions"}],"predecessor-version":[{"id":582,"href":"https:\/\/lafermedes5sens.com\/index.php\/wp-json\/wp\/v2\/pages\/115\/revisions\/582"}],"wp:attachment":[{"href":"https:\/\/lafermedes5sens.com\/index.php\/wp-json\/wp\/v2\/media?parent=115"}],"curies":[{"name":"wp","href":"https:\/\/api.w.org\/{rel}","templated":true}]}}