{"id":111,"date":"2020-01-26T21:28:43","date_gmt":"2020-01-26T20:28:43","guid":{"rendered":"http:\/\/lafermedes5sens.com\/?page_id=111"},"modified":"2021-05-25T17:14:23","modified_gmt":"2021-05-25T15:14:23","slug":"les-vaches","status":"publish","type":"page","link":"https:\/\/lafermedes5sens.com\/index.php\/les-vaches\/","title":{"rendered":"Les vaches"},"content":{"rendered":"\t\t<div data-elementor-type=\"wp-page\" data-elementor-id=\"111\" class=\"elementor elementor-111\" data-elementor-settings=\"[]\">\n\t\t\t\t\t\t<div class=\"elementor-inner\">\n\t\t\t\t\t\t\t<div class=\"elementor-section-wrap\">\n\t\t\t\t\t\t\t<section class=\"elementor-section elementor-top-section elementor-element elementor-element-61a9465a elementor-section-boxed elementor-section-height-default elementor-section-height-default\" data-id=\"61a9465a\" data-element_type=\"section\">\n\t\t\t\t\t\t<div class=\"elementor-container elementor-column-gap-default\">\n\t\t\t\t\t\t\t<div class=\"elementor-row\">\n\t\t\t\t\t<div class=\"elementor-column elementor-col-100 elementor-top-column elementor-element elementor-element-3c8698af\" data-id=\"3c8698af\" data-element_type=\"column\">\n\t\t\t<div class=\"elementor-column-wrap elementor-element-populated\">\n\t\t\t\t\t\t\t<div class=\"elementor-widget-wrap\">\n\t\t\t\t\t\t<div class=\"elementor-element elementor-element-695a603c elementor-widget elementor-widget-text-editor\" data-id=\"695a603c\" data-element_type=\"widget\" data-widget_type=\"text-editor.default\">\n\t\t\t\t<div class=\"elementor-widget-container\">\n\t\t\t\t\t<div class=\"elementor-text-editor elementor-clearfix\"><p><!-- wp:paragraph --><\/p>\n<p>Notre troupeau de <strong>Limousines<\/strong> est constitu\u00e9 d\u2019environ trente-cinq m\u00e8res et de leurs veaux, de dix g\u00e9nisses de renouvellement et de deux taureaux. Tout ce beau monde p\u00e2ture durant neuf mois de l&#8217;ann\u00e9e sur environ cinquante hectares de prairies naturelles ou sem\u00e9es, et passe les trois mois d&#8217;hivernage dans une stabulation, \u00e0 l\u2019abri du froid et de l\u2019humidit\u00e9. Les vaches sont chang\u00e9es de p\u00e2ture tous les trois jours pour permettre un bon renouvellement de l\u2019herbe (on parle de p\u00e2turage &#8220;tournant&#8221;).<\/p>\n<p><!-- \/wp:paragraph --><\/p>\n<p><!-- wp:paragraph --><\/p>\n<p>Les <b>veaux<\/b> sont nourris au lait de leur m\u00e8re et \u00e0 l&#8217;herbe, puis aux c\u00e9r\u00e9ales issues de la ferme pendant leurs deux\u00a0derniers mois.<\/p>\n<p><!-- \/wp:paragraph --><\/p>\n<p><!-- wp:paragraph --><\/p>\n<p>La majorit\u00e9 est vendue sous l\u2019appellation <strong>\u00ab veau ros\u00e9 \u00bb <\/strong>via une coop\u00e9rative locale : la SCA Pr\u00e9 Vert.<\/p>\n<p><!-- \/wp:paragraph --><\/p><\/div>\n\t\t\t\t<\/div>\n\t\t\t\t<\/div>\n\t\t\t\t<div class=\"elementor-element elementor-element-83b4677 elementor-widget elementor-widget-image-gallery\" data-id=\"83b4677\" data-element_type=\"widget\" data-widget_type=\"image-gallery.default\">\n\t\t\t\t<div class=\"elementor-widget-container\">\n\t\t\t\t\t<div class=\"elementor-image-gallery\">\n\t\t\t<div id='gallery-1' class='gallery galleryid-111 gallery-columns-4 gallery-size-shop_single'><figure class='gallery-item'>\n\t\t\t<div class='gallery-icon landscape'>\n\t\t\t\t<a data-elementor-open-lightbox=\"yes\" data-elementor-lightbox-slideshow=\"83b4677\" href='https:\/\/lafermedes5sens.com\/wp-content\/uploads\/2020\/04\/P1110991-scaled.jpg'><img width=\"350\" height=\"197\" src=\"https:\/\/lafermedes5sens.com\/wp-content\/uploads\/2020\/04\/P1110991-350x197.jpg\" class=\"attachment-shop_single size-shop_single\" alt=\"Veau Limousin\" loading=\"lazy\" srcset=\"https:\/\/lafermedes5sens.com\/wp-content\/uploads\/2020\/04\/P1110991-350x197.jpg 350w, https:\/\/lafermedes5sens.com\/wp-content\/uploads\/2020\/04\/P1110991-300x169.jpg 300w, https:\/\/lafermedes5sens.com\/wp-content\/uploads\/2020\/04\/P1110991-1024x575.jpg 1024w, https:\/\/lafermedes5sens.com\/wp-content\/uploads\/2020\/04\/P1110991-768x432.jpg 768w, https:\/\/lafermedes5sens.com\/wp-content\/uploads\/2020\/04\/P1110991-1536x863.jpg 1536w, https:\/\/lafermedes5sens.com\/wp-content\/uploads\/2020\/04\/P1110991-2048x1151.jpg 2048w\" sizes=\"100vw\" \/><\/a>\n\t\t\t<\/div><\/figure><figure class='gallery-item'>\n\t\t\t<div class='gallery-icon landscape'>\n\t\t\t\t<a data-elementor-open-lightbox=\"yes\" data-elementor-lightbox-slideshow=\"83b4677\" href='https:\/\/lafermedes5sens.com\/wp-content\/uploads\/2020\/04\/P1110859-scaled.jpg'><img width=\"350\" height=\"197\" src=\"https:\/\/lafermedes5sens.com\/wp-content\/uploads\/2020\/04\/P1110859-350x197.jpg\" class=\"attachment-shop_single size-shop_single\" alt=\"Vaches limousines au pr\u00e9\" loading=\"lazy\" aria-describedby=\"gallery-1-276\" srcset=\"https:\/\/lafermedes5sens.com\/wp-content\/uploads\/2020\/04\/P1110859-350x197.jpg 350w, https:\/\/lafermedes5sens.com\/wp-content\/uploads\/2020\/04\/P1110859-300x169.jpg 300w, https:\/\/lafermedes5sens.com\/wp-content\/uploads\/2020\/04\/P1110859-1024x575.jpg 1024w, https:\/\/lafermedes5sens.com\/wp-content\/uploads\/2020\/04\/P1110859-768x432.jpg 768w, https:\/\/lafermedes5sens.com\/wp-content\/uploads\/2020\/04\/P1110859-1536x863.jpg 1536w, https:\/\/lafermedes5sens.com\/wp-content\/uploads\/2020\/04\/P1110859-2048x1151.jpg 2048w\" sizes=\"100vw\" \/><\/a>\n\t\t\t<\/div>\n\t\t\t\t<figcaption class='wp-caption-text gallery-caption' id='gallery-1-276'>\n\t\t\t\tP\u00e2turage extensif\n\t\t\t\t<\/figcaption><\/figure><figure class='gallery-item'>\n\t\t\t<div class='gallery-icon landscape'>\n\t\t\t\t<a data-elementor-open-lightbox=\"yes\" data-elementor-lightbox-slideshow=\"83b4677\" href='https:\/\/lafermedes5sens.com\/wp-content\/uploads\/2020\/04\/P1110855-scaled.jpg'><img width=\"350\" height=\"197\" src=\"https:\/\/lafermedes5sens.com\/wp-content\/uploads\/2020\/04\/P1110855-350x197.jpg\" class=\"attachment-shop_single size-shop_single\" alt=\"Vaches limousines au pr\u00e9\" loading=\"lazy\" srcset=\"https:\/\/lafermedes5sens.com\/wp-content\/uploads\/2020\/04\/P1110855-350x197.jpg 350w, https:\/\/lafermedes5sens.com\/wp-content\/uploads\/2020\/04\/P1110855-300x169.jpg 300w, https:\/\/lafermedes5sens.com\/wp-content\/uploads\/2020\/04\/P1110855-1024x575.jpg 1024w, https:\/\/lafermedes5sens.com\/wp-content\/uploads\/2020\/04\/P1110855-768x432.jpg 768w, https:\/\/lafermedes5sens.com\/wp-content\/uploads\/2020\/04\/P1110855-1536x863.jpg 1536w, https:\/\/lafermedes5sens.com\/wp-content\/uploads\/2020\/04\/P1110855-2048x1151.jpg 2048w\" sizes=\"100vw\" \/><\/a>\n\t\t\t<\/div><\/figure><figure class='gallery-item'>\n\t\t\t<div class='gallery-icon landscape'>\n\t\t\t\t<a data-elementor-open-lightbox=\"yes\" data-elementor-lightbox-slideshow=\"83b4677\" href='https:\/\/lafermedes5sens.com\/wp-content\/uploads\/2020\/04\/P1160193-scaled.jpg'><img width=\"350\" height=\"197\" src=\"https:\/\/lafermedes5sens.com\/wp-content\/uploads\/2020\/04\/P1160193-350x197.jpg\" class=\"attachment-shop_single size-shop_single\" alt=\"Vaches limousines hiver\" loading=\"lazy\" aria-describedby=\"gallery-1-412\" srcset=\"https:\/\/lafermedes5sens.com\/wp-content\/uploads\/2020\/04\/P1160193-350x197.jpg 350w, https:\/\/lafermedes5sens.com\/wp-content\/uploads\/2020\/04\/P1160193-300x169.jpg 300w, https:\/\/lafermedes5sens.com\/wp-content\/uploads\/2020\/04\/P1160193-1024x575.jpg 1024w, https:\/\/lafermedes5sens.com\/wp-content\/uploads\/2020\/04\/P1160193-768x432.jpg 768w, https:\/\/lafermedes5sens.com\/wp-content\/uploads\/2020\/04\/P1160193-1536x863.jpg 1536w, https:\/\/lafermedes5sens.com\/wp-content\/uploads\/2020\/04\/P1160193-2048x1151.jpg 2048w\" sizes=\"100vw\" \/><\/a>\n\t\t\t<\/div>\n\t\t\t\t<figcaption class='wp-caption-text gallery-caption' id='gallery-1-412'>\n\t\t\t\tP\u00e2turage hivernal\n\t\t\t\t<\/figcaption><\/figure><figure class='gallery-item'>\n\t\t\t<div class='gallery-icon landscape'>\n\t\t\t\t<a data-elementor-open-lightbox=\"yes\" data-elementor-lightbox-slideshow=\"83b4677\" href='https:\/\/lafermedes5sens.com\/wp-content\/uploads\/2020\/04\/P1110898-scaled.jpg'><img width=\"350\" height=\"197\" src=\"https:\/\/lafermedes5sens.com\/wp-content\/uploads\/2020\/04\/P1110898-350x197.jpg\" class=\"attachment-shop_single size-shop_single\" alt=\"Vaches et chevaux\" loading=\"lazy\" srcset=\"https:\/\/lafermedes5sens.com\/wp-content\/uploads\/2020\/04\/P1110898-350x197.jpg 350w, https:\/\/lafermedes5sens.com\/wp-content\/uploads\/2020\/04\/P1110898-300x169.jpg 300w, https:\/\/lafermedes5sens.com\/wp-content\/uploads\/2020\/04\/P1110898-1024x575.jpg 1024w, https:\/\/lafermedes5sens.com\/wp-content\/uploads\/2020\/04\/P1110898-768x432.jpg 768w, https:\/\/lafermedes5sens.com\/wp-content\/uploads\/2020\/04\/P1110898-1536x863.jpg 1536w, https:\/\/lafermedes5sens.com\/wp-content\/uploads\/2020\/04\/P1110898-2048x1151.jpg 2048w\" sizes=\"100vw\" \/><\/a>\n\t\t\t<\/div><\/figure><figure class='gallery-item'>\n\t\t\t<div class='gallery-icon landscape'>\n\t\t\t\t<a data-elementor-open-lightbox=\"yes\" data-elementor-lightbox-slideshow=\"83b4677\" href='https:\/\/lafermedes5sens.com\/wp-content\/uploads\/2020\/04\/P1110966-scaled.jpg'><img width=\"350\" height=\"197\" src=\"https:\/\/lafermedes5sens.com\/wp-content\/uploads\/2020\/04\/P1110966-350x197.jpg\" class=\"attachment-shop_single size-shop_single\" alt=\"Veau limousin t\u00eatant\" loading=\"lazy\" aria-describedby=\"gallery-1-411\" srcset=\"https:\/\/lafermedes5sens.com\/wp-content\/uploads\/2020\/04\/P1110966-350x197.jpg 350w, https:\/\/lafermedes5sens.com\/wp-content\/uploads\/2020\/04\/P1110966-300x169.jpg 300w, https:\/\/lafermedes5sens.com\/wp-content\/uploads\/2020\/04\/P1110966-1024x575.jpg 1024w, https:\/\/lafermedes5sens.com\/wp-content\/uploads\/2020\/04\/P1110966-768x432.jpg 768w, https:\/\/lafermedes5sens.com\/wp-content\/uploads\/2020\/04\/P1110966-1536x863.jpg 1536w, https:\/\/lafermedes5sens.com\/wp-content\/uploads\/2020\/04\/P1110966-2048x1151.jpg 2048w\" sizes=\"100vw\" \/><\/a>\n\t\t\t<\/div>\n\t\t\t\t<figcaption class='wp-caption-text gallery-caption' id='gallery-1-411'>\n\t\t\t\tVeau sous la m\u00e8re\n\t\t\t\t<\/figcaption><\/figure><figure class='gallery-item'>\n\t\t\t<div class='gallery-icon landscape'>\n\t\t\t\t<a data-elementor-open-lightbox=\"yes\" data-elementor-lightbox-slideshow=\"83b4677\" href='https:\/\/lafermedes5sens.com\/wp-content\/uploads\/2020\/04\/P1110885-scaled.jpg'><img width=\"350\" height=\"197\" src=\"https:\/\/lafermedes5sens.com\/wp-content\/uploads\/2020\/04\/P1110885-350x197.jpg\" class=\"attachment-shop_single size-shop_single\" alt=\"Vaches Limousines\" loading=\"lazy\" srcset=\"https:\/\/lafermedes5sens.com\/wp-content\/uploads\/2020\/04\/P1110885-350x197.jpg 350w, https:\/\/lafermedes5sens.com\/wp-content\/uploads\/2020\/04\/P1110885-300x169.jpg 300w, https:\/\/lafermedes5sens.com\/wp-content\/uploads\/2020\/04\/P1110885-1024x575.jpg 1024w, https:\/\/lafermedes5sens.com\/wp-content\/uploads\/2020\/04\/P1110885-768x432.jpg 768w, https:\/\/lafermedes5sens.com\/wp-content\/uploads\/2020\/04\/P1110885-1536x863.jpg 1536w, https:\/\/lafermedes5sens.com\/wp-content\/uploads\/2020\/04\/P1110885-2048x1151.jpg 2048w\" sizes=\"100vw\" \/><\/a>\n\t\t\t<\/div><\/figure><figure class='gallery-item'>\n\t\t\t<div class='gallery-icon landscape'>\n\t\t\t\t<a data-elementor-open-lightbox=\"yes\" data-elementor-lightbox-slideshow=\"83b4677\" href='https:\/\/lafermedes5sens.com\/wp-content\/uploads\/2020\/04\/P1110988-scaled.jpg'><img width=\"350\" height=\"197\" src=\"https:\/\/lafermedes5sens.com\/wp-content\/uploads\/2020\/04\/P1110988-350x197.jpg\" class=\"attachment-shop_single size-shop_single\" alt=\"Veau Limousin\" loading=\"lazy\" srcset=\"https:\/\/lafermedes5sens.com\/wp-content\/uploads\/2020\/04\/P1110988-350x197.jpg 350w, https:\/\/lafermedes5sens.com\/wp-content\/uploads\/2020\/04\/P1110988-300x169.jpg 300w, https:\/\/lafermedes5sens.com\/wp-content\/uploads\/2020\/04\/P1110988-1024x575.jpg 1024w, https:\/\/lafermedes5sens.com\/wp-content\/uploads\/2020\/04\/P1110988-768x432.jpg 768w, https:\/\/lafermedes5sens.com\/wp-content\/uploads\/2020\/04\/P1110988-1536x863.jpg 1536w, https:\/\/lafermedes5sens.com\/wp-content\/uploads\/2020\/04\/P1110988-2048x1151.jpg 2048w\" sizes=\"100vw\" \/><\/a>\n\t\t\t<\/div><\/figure><figure class='gallery-item'>\n\t\t\t<div class='gallery-icon landscape'>\n\t\t\t\t<a data-elementor-open-lightbox=\"yes\" data-elementor-lightbox-slideshow=\"83b4677\" href='https:\/\/lafermedes5sens.com\/wp-content\/uploads\/2020\/04\/P8170250.jpg'><img width=\"350\" height=\"263\" src=\"https:\/\/lafermedes5sens.com\/wp-content\/uploads\/2020\/04\/P8170250-350x263.jpg\" class=\"attachment-shop_single size-shop_single\" alt=\"Vaches limousines au pr\u00e9 et \u00e9leveur\" loading=\"lazy\" srcset=\"https:\/\/lafermedes5sens.com\/wp-content\/uploads\/2020\/04\/P8170250-350x263.jpg 350w, https:\/\/lafermedes5sens.com\/wp-content\/uploads\/2020\/04\/P8170250-300x225.jpg 300w, https:\/\/lafermedes5sens.com\/wp-content\/uploads\/2020\/04\/P8170250-1024x768.jpg 1024w, https:\/\/lafermedes5sens.com\/wp-content\/uploads\/2020\/04\/P8170250-768x576.jpg 768w, https:\/\/lafermedes5sens.com\/wp-content\/uploads\/2020\/04\/P8170250-1536x1152.jpg 1536w, https:\/\/lafermedes5sens.com\/wp-content\/uploads\/2020\/04\/P8170250-2048x1536.jpg 2048w\" sizes=\"100vw\" \/><\/a>\n\t\t\t<\/div><\/figure><figure class='gallery-item'>\n\t\t\t<div class='gallery-icon landscape'>\n\t\t\t\t<a data-elementor-open-lightbox=\"yes\" data-elementor-lightbox-slideshow=\"83b4677\" href='https:\/\/lafermedes5sens.com\/wp-content\/uploads\/2020\/04\/P1180948-3.jpg'><img width=\"350\" height=\"263\" src=\"https:\/\/lafermedes5sens.com\/wp-content\/uploads\/2020\/04\/P1180948-3-350x263.jpg\" class=\"attachment-shop_single size-shop_single\" alt=\"\" loading=\"lazy\" aria-describedby=\"gallery-1-413\" srcset=\"https:\/\/lafermedes5sens.com\/wp-content\/uploads\/2020\/04\/P1180948-3-350x263.jpg 350w, https:\/\/lafermedes5sens.com\/wp-content\/uploads\/2020\/04\/P1180948-3-300x225.jpg 300w, https:\/\/lafermedes5sens.com\/wp-content\/uploads\/2020\/04\/P1180948-3-1024x768.jpg 1024w, https:\/\/lafermedes5sens.com\/wp-content\/uploads\/2020\/04\/P1180948-3-768x576.jpg 768w, https:\/\/lafermedes5sens.com\/wp-content\/uploads\/2020\/04\/P1180948-3-1536x1152.jpg 1536w, https:\/\/lafermedes5sens.com\/wp-content\/uploads\/2020\/04\/P1180948-3-2048x1536.jpg 2048w\" sizes=\"100vw\" \/><\/a>\n\t\t\t<\/div>\n\t\t\t\t<figcaption class='wp-caption-text gallery-caption' id='gallery-1-413'>\n\t\t\t\tP\u00e2turage extensif\n\t\t\t\t<\/figcaption><\/figure>\n\t\t<\/div>\n\t\t<\/div>\n\t\t\t\t<\/div>\n\t\t\t\t<\/div>\n\t\t\t\t\t\t<\/div>\n\t\t\t\t\t<\/div>\n\t\t<\/div>\n\t\t\t\t\t\t\t\t<\/div>\n\t\t\t\t\t<\/div>\n\t\t<\/section>\n\t\t\t\t\t\t<\/div>\n\t\t\t\t\t\t<\/div>\n\t\t\t\t\t<\/div>\n\t\t","protected":false},"excerpt":{"rendered":"<p>Notre troupeau de Limousines est constitu\u00e9 d\u2019environ trente-cinq m\u00e8res et de leurs veaux, de dix g\u00e9nisses de renouvellement et de deux taureaux. Tout ce beau monde p\u00e2ture durant neuf mois de l&#8217;ann\u00e9e sur environ cinquante hectares de prairies naturelles ou sem\u00e9es, et passe les trois mois d&#8217;hivernage dans une stabulation, \u00e0 l\u2019abri du froid et &hellip; <\/p>\n<p class=\"link-more\"><a href=\"https:\/\/lafermedes5sens.com\/index.php\/les-vaches\/\" class=\"more-link\">Continuer la lecture<span class=\"screen-reader-text\"> de &laquo;&nbsp;Les vaches&nbsp;&raquo;<\/span><\/a><\/p>\n","protected":false},"author":1,"featured_media":0,"parent":0,"menu_order":0,"comment_status":"closed","ping_status":"closed","template":"","meta":[],"yoast_head":"<!-- This site is optimized with the Yoast SEO plugin v15.4 - https:\/\/yoast.com\/wordpress\/plugins\/seo\/ -->\n<title>Les vaches - La Ferme des 5 sens<\/title>\n<meta name=\"description\" content=\"Notre troupeau compte une cinquantaine de vache limousines. Elev\u00e9es pour leur viande, elles passent une grande partie de l&#039;ann\u00e9e au pr\u00e9.\" \/>\n<meta name=\"robots\" content=\"index, follow, max-snippet:-1, max-image-preview:large, max-video-preview:-1\" \/>\n<link rel=\"canonical\" href=\"https:\/\/lafermedes5sens.com\/index.php\/les-vaches\/\" \/>\n<meta property=\"og:locale\" content=\"fr_FR\" \/>\n<meta property=\"og:type\" content=\"article\" \/>\n<meta property=\"og:title\" content=\"Les vaches - La Ferme des 5 sens\" \/>\n<meta property=\"og:description\" content=\"Notre troupeau compte une cinquantaine de vache limousines. Elev\u00e9es pour leur viande, elles passent une grande partie de l&#039;ann\u00e9e au pr\u00e9.\" \/>\n<meta property=\"og:url\" content=\"https:\/\/lafermedes5sens.com\/index.php\/les-vaches\/\" \/>\n<meta property=\"og:site_name\" content=\"La Ferme des 5 sens\" \/>\n<meta property=\"article:modified_time\" content=\"2021-05-25T15:14:23+00:00\" \/>\n<meta property=\"og:image\" content=\"https:\/\/lafermedes5sens.com\/wp-content\/uploads\/2020\/04\/P1110991-350x197.jpg\" \/>\n<meta name=\"twitter:card\" content=\"summary_large_image\" \/>\n<meta name=\"twitter:label1\" content=\"\u00c9crit par\">\n\t<meta name=\"twitter:data1\" content=\"admin5827\">\n\t<meta name=\"twitter:label2\" content=\"Dur\u00e9e de lecture est.\">\n\t<meta name=\"twitter:data2\" content=\"1 minute\">\n<script type=\"application\/ld+json\" class=\"yoast-schema-graph\">{\"@context\":\"https:\/\/schema.org\",\"@graph\":[{\"@type\":\"WebSite\",\"@id\":\"https:\/\/lafermedes5sens.com\/#website\",\"url\":\"https:\/\/lafermedes5sens.com\/\",\"name\":\"La Ferme des 5 sens\",\"description\":\"\",\"potentialAction\":[{\"@type\":\"SearchAction\",\"target\":\"https:\/\/lafermedes5sens.com\/?s={search_term_string}\",\"query-input\":\"required name=search_term_string\"}],\"inLanguage\":\"fr-FR\"},{\"@type\":\"ImageObject\",\"@id\":\"https:\/\/lafermedes5sens.com\/index.php\/les-vaches\/#primaryimage\",\"inLanguage\":\"fr-FR\",\"url\":\"https:\/\/lafermedes5sens.com\/wp-content\/uploads\/2020\/04\/P1110991-350x197.jpg\"},{\"@type\":\"WebPage\",\"@id\":\"https:\/\/lafermedes5sens.com\/index.php\/les-vaches\/#webpage\",\"url\":\"https:\/\/lafermedes5sens.com\/index.php\/les-vaches\/\",\"name\":\"Les vaches - La Ferme des 5 sens\",\"isPartOf\":{\"@id\":\"https:\/\/lafermedes5sens.com\/#website\"},\"primaryImageOfPage\":{\"@id\":\"https:\/\/lafermedes5sens.com\/index.php\/les-vaches\/#primaryimage\"},\"datePublished\":\"2020-01-26T20:28:43+00:00\",\"dateModified\":\"2021-05-25T15:14:23+00:00\",\"description\":\"Notre troupeau compte une cinquantaine de vache limousines. Elev\\u00e9es pour leur viande, elles passent une grande partie de l'ann\\u00e9e au pr\\u00e9.\",\"inLanguage\":\"fr-FR\",\"potentialAction\":[{\"@type\":\"ReadAction\",\"target\":[\"https:\/\/lafermedes5sens.com\/index.php\/les-vaches\/\"]}]}]}<\/script>\n<!-- \/ Yoast SEO plugin. -->","_links":{"self":[{"href":"https:\/\/lafermedes5sens.com\/index.php\/wp-json\/wp\/v2\/pages\/111"}],"collection":[{"href":"https:\/\/lafermedes5sens.com\/index.php\/wp-json\/wp\/v2\/pages"}],"about":[{"href":"https:\/\/lafermedes5sens.com\/index.php\/wp-json\/wp\/v2\/types\/page"}],"author":[{"embeddable":true,"href":"https:\/\/lafermedes5sens.com\/index.php\/wp-json\/wp\/v2\/users\/1"}],"replies":[{"embeddable":true,"href":"https:\/\/lafermedes5sens.com\/index.php\/wp-json\/wp\/v2\/comments?post=111"}],"version-history":[{"count":13,"href":"https:\/\/lafermedes5sens.com\/index.php\/wp-json\/wp\/v2\/pages\/111\/revisions"}],"predecessor-version":[{"id":643,"href":"https:\/\/lafermedes5sens.com\/index.php\/wp-json\/wp\/v2\/pages\/111\/revisions\/643"}],"wp:attachment":[{"href":"https:\/\/lafermedes5sens.com\/index.php\/wp-json\/wp\/v2\/media?parent=111"}],"curies":[{"name":"wp","href":"https:\/\/api.w.org\/{rel}","templated":true}]}}