{"id":102,"date":"2020-01-26T21:23:02","date_gmt":"2020-01-26T20:23:02","guid":{"rendered":"http:\/\/lafermedes5sens.com\/?page_id=102"},"modified":"2021-05-25T17:24:22","modified_gmt":"2021-05-25T15:24:22","slug":"de-la-culture-a-la-recolte","status":"publish","type":"page","link":"https:\/\/lafermedes5sens.com\/index.php\/de-la-culture-a-la-recolte\/","title":{"rendered":"De la culture \u00e0 la r\u00e9colte"},"content":{"rendered":"\t\t<div data-elementor-type=\"wp-page\" data-elementor-id=\"102\" class=\"elementor elementor-102\" data-elementor-settings=\"[]\">\n\t\t\t\t\t\t<div class=\"elementor-inner\">\n\t\t\t\t\t\t\t<div class=\"elementor-section-wrap\">\n\t\t\t\t\t\t\t<section class=\"elementor-section elementor-top-section elementor-element elementor-element-fafd5a8 elementor-section-content-middle elementor-section-boxed elementor-section-height-default elementor-section-height-default\" data-id=\"fafd5a8\" data-element_type=\"section\">\n\t\t\t\t\t\t<div class=\"elementor-container elementor-column-gap-default\">\n\t\t\t\t\t\t\t<div class=\"elementor-row\">\n\t\t\t\t\t<div class=\"elementor-column elementor-col-66 elementor-top-column elementor-element elementor-element-9ef6ee1\" data-id=\"9ef6ee1\" data-element_type=\"column\">\n\t\t\t<div class=\"elementor-column-wrap elementor-element-populated\">\n\t\t\t\t\t\t\t<div class=\"elementor-widget-wrap\">\n\t\t\t\t\t\t<div class=\"elementor-element elementor-element-78cf42b elementor-widget elementor-widget-text-editor\" data-id=\"78cf42b\" data-element_type=\"widget\" data-widget_type=\"text-editor.default\">\n\t\t\t\t<div class=\"elementor-widget-container\">\n\t\t\t\t\t<div class=\"elementor-text-editor elementor-clearfix\"><p><span style=\"text-align: justify;\">La grande majorit\u00e9 de nos <b>plantes&nbsp;<\/b><\/span><span style=\"text-align: justify;\"><b>m\u00e9dicinales<\/b> sont cultiv\u00e9es \u00e0 la ferme, le reste \u00e9tant cueilli sur des sites&nbsp;<\/span><span style=\"text-align: justify;\">sauvages et pr\u00e9serv\u00e9s (Pin sylvestre, Achill\u00e9e millefeuille, Gen\u00e9vrier&#8230;).&nbsp;<\/span><span style=\"text-align: justify;\">Flavie entretient une parcelle d\u2019environ un hectare o\u00f9 se m\u00ealent&nbsp;<\/span><span style=\"font-weight: bold; text-align: justify;\">plus d\u2019une vingtaine de plantes diff\u00e9rentes&nbsp;<\/span><span style=\"text-align: justify;\">: Verveine odorante, Lavande vraie, plusieurs vari\u00e9t\u00e9s de Thym, des menthes,&nbsp;<\/span><span style=\"text-align: justify;\">des camomilles&#8230;&nbsp; Un festival de&nbsp;<\/span><span style=\"text-align: justify;\">couleurs et d&#8217;odeurs qui fait le bonheur des abeilles, bourdons et autres&nbsp;<\/span><span style=\"text-align: justify;\">papillons pendant la belle saison&nbsp;!<\/span><\/p><\/div>\n\t\t\t\t<\/div>\n\t\t\t\t<\/div>\n\t\t\t\t\t\t<\/div>\n\t\t\t\t\t<\/div>\n\t\t<\/div>\n\t\t\t\t<div class=\"elementor-column elementor-col-33 elementor-top-column elementor-element elementor-element-78979bd\" data-id=\"78979bd\" data-element_type=\"column\">\n\t\t\t<div class=\"elementor-column-wrap elementor-element-populated\">\n\t\t\t\t\t\t\t<div class=\"elementor-widget-wrap\">\n\t\t\t\t\t\t<div class=\"elementor-element elementor-element-e285b64 elementor-widget elementor-widget-image\" data-id=\"e285b64\" data-element_type=\"widget\" data-widget_type=\"image.default\">\n\t\t\t\t<div class=\"elementor-widget-container\">\n\t\t\t\t\t<div class=\"elementor-image\">\n\t\t\t\t\t\t\t<figure class=\"wp-caption\">\n\t\t\t\t\t\t\t\t\t\t<img width=\"525\" height=\"394\" src=\"https:\/\/lafermedes5sens.com\/wp-content\/uploads\/2020\/04\/P1150958-1024x768.jpg\" class=\"attachment-large size-large\" alt=\"Papillon dans fleurs de Lavande\" loading=\"lazy\" srcset=\"https:\/\/lafermedes5sens.com\/wp-content\/uploads\/2020\/04\/P1150958-1024x768.jpg 1024w, https:\/\/lafermedes5sens.com\/wp-content\/uploads\/2020\/04\/P1150958-300x225.jpg 300w, https:\/\/lafermedes5sens.com\/wp-content\/uploads\/2020\/04\/P1150958-768x576.jpg 768w, https:\/\/lafermedes5sens.com\/wp-content\/uploads\/2020\/04\/P1150958-1536x1152.jpg 1536w, https:\/\/lafermedes5sens.com\/wp-content\/uploads\/2020\/04\/P1150958-2048x1536.jpg 2048w, https:\/\/lafermedes5sens.com\/wp-content\/uploads\/2020\/04\/P1150958-350x263.jpg 350w\" sizes=\"100vw\" \/>\t\t\t\t\t\t\t\t\t\t\t<figcaption class=\"widget-image-caption wp-caption-text\">Papillon sur fleur de Lavande<\/figcaption>\n\t\t\t\t\t\t\t\t\t\t<\/figure>\n\t\t\t\t\t<\/div>\n\t\t\t\t<\/div>\n\t\t\t\t<\/div>\n\t\t\t\t\t\t<\/div>\n\t\t\t\t\t<\/div>\n\t\t<\/div>\n\t\t\t\t\t\t\t\t<\/div>\n\t\t\t\t\t<\/div>\n\t\t<\/section>\n\t\t\t\t<section class=\"elementor-section elementor-top-section elementor-element elementor-element-3b268e4 elementor-section-content-middle elementor-section-boxed elementor-section-height-default elementor-section-height-default\" data-id=\"3b268e4\" data-element_type=\"section\">\n\t\t\t\t\t\t<div class=\"elementor-container elementor-column-gap-default\">\n\t\t\t\t\t\t\t<div class=\"elementor-row\">\n\t\t\t\t\t<div class=\"elementor-column elementor-col-50 elementor-top-column elementor-element elementor-element-aac2e8c\" data-id=\"aac2e8c\" data-element_type=\"column\">\n\t\t\t<div class=\"elementor-column-wrap elementor-element-populated\">\n\t\t\t\t\t\t\t<div class=\"elementor-widget-wrap\">\n\t\t\t\t\t\t<div class=\"elementor-element elementor-element-f67b383 elementor-widget elementor-widget-image\" data-id=\"f67b383\" data-element_type=\"widget\" data-widget_type=\"image.default\">\n\t\t\t\t<div class=\"elementor-widget-container\">\n\t\t\t\t\t<div class=\"elementor-image\">\n\t\t\t\t\t\t\t<figure class=\"wp-caption\">\n\t\t\t\t\t\t\t\t\t\t<img width=\"300\" height=\"187\" src=\"https:\/\/lafermedes5sens.com\/wp-content\/uploads\/2020\/04\/P1180548-2-300x187.jpg\" class=\"attachment-medium size-medium\" alt=\"H\u00e9lichryse et engrais vert (Phac\u00e9lie)\" loading=\"lazy\" srcset=\"https:\/\/lafermedes5sens.com\/wp-content\/uploads\/2020\/04\/P1180548-2-300x187.jpg 300w, https:\/\/lafermedes5sens.com\/wp-content\/uploads\/2020\/04\/P1180548-2-1024x637.jpg 1024w, https:\/\/lafermedes5sens.com\/wp-content\/uploads\/2020\/04\/P1180548-2-768x478.jpg 768w, https:\/\/lafermedes5sens.com\/wp-content\/uploads\/2020\/04\/P1180548-2-1536x956.jpg 1536w, https:\/\/lafermedes5sens.com\/wp-content\/uploads\/2020\/04\/P1180548-2-2048x1274.jpg 2048w, https:\/\/lafermedes5sens.com\/wp-content\/uploads\/2020\/04\/P1180548-2-350x218.jpg 350w\" sizes=\"100vw\" \/>\t\t\t\t\t\t\t\t\t\t\t<figcaption class=\"widget-image-caption wp-caption-text\">Ligne d'H\u00e9lichryses entour\u00e9e de bandes enherb\u00e9es<\/figcaption>\n\t\t\t\t\t\t\t\t\t\t<\/figure>\n\t\t\t\t\t<\/div>\n\t\t\t\t<\/div>\n\t\t\t\t<\/div>\n\t\t\t\t<div class=\"elementor-element elementor-element-e3081b4 elementor-widget elementor-widget-image\" data-id=\"e3081b4\" data-element_type=\"widget\" data-widget_type=\"image.default\">\n\t\t\t\t<div class=\"elementor-widget-container\">\n\t\t\t\t\t<div class=\"elementor-image\">\n\t\t\t\t\t\t\t<figure class=\"wp-caption\">\n\t\t\t\t\t\t\t\t\t\t<img width=\"300\" height=\"169\" src=\"https:\/\/lafermedes5sens.com\/wp-content\/uploads\/2020\/04\/P1150851-300x169.jpg\" class=\"attachment-medium size-medium\" alt=\"Cage mobile pour lapin... Tondeuse naturelle !\" loading=\"lazy\" srcset=\"https:\/\/lafermedes5sens.com\/wp-content\/uploads\/2020\/04\/P1150851-300x169.jpg 300w, https:\/\/lafermedes5sens.com\/wp-content\/uploads\/2020\/04\/P1150851-1024x575.jpg 1024w, https:\/\/lafermedes5sens.com\/wp-content\/uploads\/2020\/04\/P1150851-768x432.jpg 768w, https:\/\/lafermedes5sens.com\/wp-content\/uploads\/2020\/04\/P1150851-1536x863.jpg 1536w, https:\/\/lafermedes5sens.com\/wp-content\/uploads\/2020\/04\/P1150851-2048x1151.jpg 2048w, https:\/\/lafermedes5sens.com\/wp-content\/uploads\/2020\/04\/P1150851-350x197.jpg 350w\" sizes=\"100vw\" \/>\t\t\t\t\t\t\t\t\t\t\t<figcaption class=\"widget-image-caption wp-caption-text\">Notre tondeuse 100% naturelle !<\/figcaption>\n\t\t\t\t\t\t\t\t\t\t<\/figure>\n\t\t\t\t\t<\/div>\n\t\t\t\t<\/div>\n\t\t\t\t<\/div>\n\t\t\t\t\t\t<\/div>\n\t\t\t\t\t<\/div>\n\t\t<\/div>\n\t\t\t\t<div class=\"elementor-column elementor-col-50 elementor-top-column elementor-element elementor-element-95147c2\" data-id=\"95147c2\" data-element_type=\"column\">\n\t\t\t<div class=\"elementor-column-wrap elementor-element-populated\">\n\t\t\t\t\t\t\t<div class=\"elementor-widget-wrap\">\n\t\t\t\t\t\t<div class=\"elementor-element elementor-element-3680537 elementor-widget elementor-widget-text-editor\" data-id=\"3680537\" data-element_type=\"widget\" data-widget_type=\"text-editor.default\">\n\t\t\t\t<div class=\"elementor-widget-container\">\n\t\t\t\t\t<div class=\"elementor-text-editor elementor-clearfix\"><p style=\"text-align: justify;\"><span style=\"font-size: 1rem;\">Plantation, entretien et r\u00e9colte&nbsp;<\/span><span style=\"font-size: 1rem;\">se font<\/span><span style=\"font-size: 1rem;\">&nbsp;<\/span><span style=\"font-size: 1rem; font-weight: bold;\">enti\u00e8rement \u00e0 la main<\/span><span style=\"font-size: 1rem;\">, dans&nbsp;<\/span><span style=\"font-size: 1rem;\">le plus grand respect de la plante et de son environnement. <b>Aucun traitement,&nbsp;<\/b><\/span><span style=\"font-size: 1rem;\"><b>m\u00eame biologique<\/b>, n\u2019est r\u00e9alis\u00e9. La culture se fait sur <b>planches permanentes<\/b>&nbsp;<\/span><span style=\"font-size: 1rem;\">pour pr\u00e9server le sol de bouleversements trop fr\u00e9quents. Les plantations ont&nbsp;<\/span><span style=\"font-size: 1rem;\">\u00e9t\u00e9 r\u00e9alis\u00e9es perpendiculairement au sens de la pente pour stabiliser le sol.&nbsp;<\/span><span style=\"font-size: 1rem;\">De m\u00eame, Flavie a maintenu des <b>bandes enherb\u00e9es<\/b> entre les rangs de cultures&nbsp;<\/span><span style=\"font-size: 1rem;\">pour limiter l\u2019\u00e9rosion et le tassement du sol, et pour accueillir tout un&nbsp;<\/span><span style=\"font-size: 1rem;\">cort\u00e8ge de faune et de flore auxiliaires, b\u00e9n\u00e9fiques pour la sant\u00e9 des plantes.&nbsp;<\/span><span style=\"font-size: 1rem;\">Ces bandes enherb\u00e9es sont sem\u00e9es d\u2019<b>engrais verts<\/b> et de <b>plantes mellif\u00e8res<\/b>. Pour&nbsp;<\/span><span style=\"font-size: 1rem;\">leur entretien, en plus de la tondeuse, Flavie re\u00e7oit le soutien actif&#8230; de&nbsp;<\/span><span style=\"font-size: 1rem;\">nos lapins&nbsp;! Plac\u00e9s dans des cages mobiles, ils sont d\u00e9plac\u00e9s&nbsp;<\/span><span style=\"font-size: 1rem;\">quotidiennement pour profiter d\u2019une nouvelle herbe tendre et fra\u00eeche.<\/span><\/p><\/div>\n\t\t\t\t<\/div>\n\t\t\t\t<\/div>\n\t\t\t\t\t\t<\/div>\n\t\t\t\t\t<\/div>\n\t\t<\/div>\n\t\t\t\t\t\t\t\t<\/div>\n\t\t\t\t\t<\/div>\n\t\t<\/section>\n\t\t\t\t<section class=\"elementor-section elementor-top-section elementor-element elementor-element-37e41f6 elementor-section-content-middle elementor-section-boxed elementor-section-height-default elementor-section-height-default\" data-id=\"37e41f6\" data-element_type=\"section\">\n\t\t\t\t\t\t<div class=\"elementor-container elementor-column-gap-default\">\n\t\t\t\t\t\t\t<div class=\"elementor-row\">\n\t\t\t\t\t<div class=\"elementor-column elementor-col-33 elementor-top-column elementor-element elementor-element-ca1c02a\" data-id=\"ca1c02a\" data-element_type=\"column\">\n\t\t\t<div class=\"elementor-column-wrap elementor-element-populated\">\n\t\t\t\t\t\t\t<div class=\"elementor-widget-wrap\">\n\t\t\t\t\t\t<div class=\"elementor-element elementor-element-842e028 elementor-widget elementor-widget-text-editor\" data-id=\"842e028\" data-element_type=\"widget\" data-widget_type=\"text-editor.default\">\n\t\t\t\t<div class=\"elementor-widget-container\">\n\t\t\t\t\t<div class=\"elementor-text-editor elementor-clearfix\"><p><span style=\"text-align: justify;\">Au moment de la r\u00e9colte, tout le&nbsp;<\/span><span style=\"text-align: justify;\">monde vient pr\u00eater main forte&nbsp;: associ\u00e9s, famille, amis de passage. La&nbsp;<\/span><span style=\"text-align: justify;\">parcelle s\u2019anime joyeusement au son des anecdotes et des rires. Un vrai moment&nbsp;<\/span><span style=\"text-align: justify;\">de partage&nbsp;!<\/span><\/p>\n<p><span style=\"font-size: 1rem;\">Ensuite, les plantes r\u00e9colt\u00e9es&nbsp;<\/span><span style=\"font-size: 1rem;\">peuvent \u00eatre s\u00e9ch\u00e9es pour \u00eatre consomm\u00e9es en <b>tisanes<\/b>, ou bien distill\u00e9es pour&nbsp;<\/span><span style=\"font-size: 1rem;\">produire des <b>huiles essentielles<\/b> et des <b>hydrolats<\/b>.<\/span><\/p><\/div>\n\t\t\t\t<\/div>\n\t\t\t\t<\/div>\n\t\t\t\t\t\t<\/div>\n\t\t\t\t\t<\/div>\n\t\t<\/div>\n\t\t\t\t<div class=\"elementor-column elementor-col-66 elementor-top-column elementor-element elementor-element-9055280\" data-id=\"9055280\" data-element_type=\"column\">\n\t\t\t<div class=\"elementor-column-wrap elementor-element-populated\">\n\t\t\t\t\t\t\t<div class=\"elementor-widget-wrap\">\n\t\t\t\t\t\t<div class=\"elementor-element elementor-element-138f49b elementor-widget elementor-widget-image\" data-id=\"138f49b\" data-element_type=\"widget\" data-widget_type=\"image.default\">\n\t\t\t\t<div class=\"elementor-widget-container\">\n\t\t\t\t\t<div class=\"elementor-image\">\n\t\t\t\t\t\t\t<figure class=\"wp-caption\">\n\t\t\t\t\t\t\t\t\t\t<img width=\"525\" height=\"349\" src=\"https:\/\/lafermedes5sens.com\/wp-content\/uploads\/2020\/04\/IMG_9051-768x511.jpg\" class=\"attachment-medium_large size-medium_large\" alt=\"R\u00e9colte de Thym \u00e0 la faucille\" loading=\"lazy\" srcset=\"https:\/\/lafermedes5sens.com\/wp-content\/uploads\/2020\/04\/IMG_9051-768x511.jpg 768w, https:\/\/lafermedes5sens.com\/wp-content\/uploads\/2020\/04\/IMG_9051-300x200.jpg 300w, https:\/\/lafermedes5sens.com\/wp-content\/uploads\/2020\/04\/IMG_9051-1024x681.jpg 1024w, https:\/\/lafermedes5sens.com\/wp-content\/uploads\/2020\/04\/IMG_9051-1536x1022.jpg 1536w, https:\/\/lafermedes5sens.com\/wp-content\/uploads\/2020\/04\/IMG_9051-350x233.jpg 350w, https:\/\/lafermedes5sens.com\/wp-content\/uploads\/2020\/04\/IMG_9051.jpg 1936w\" sizes=\"100vw\" \/>\t\t\t\t\t\t\t\t\t\t\t<figcaption class=\"widget-image-caption wp-caption-text\">R\u00e9colte de Thym en famille<\/figcaption>\n\t\t\t\t\t\t\t\t\t\t<\/figure>\n\t\t\t\t\t<\/div>\n\t\t\t\t<\/div>\n\t\t\t\t<\/div>\n\t\t\t\t\t\t<\/div>\n\t\t\t\t\t<\/div>\n\t\t<\/div>\n\t\t\t\t\t\t\t\t<\/div>\n\t\t\t\t\t<\/div>\n\t\t<\/section>\n\t\t\t\t<section class=\"elementor-section elementor-top-section elementor-element elementor-element-1678156 elementor-section-boxed elementor-section-height-default elementor-section-height-default\" data-id=\"1678156\" data-element_type=\"section\">\n\t\t\t\t\t\t<div class=\"elementor-container elementor-column-gap-default\">\n\t\t\t\t\t\t\t<div class=\"elementor-row\">\n\t\t\t\t\t<div class=\"elementor-column elementor-col-100 elementor-top-column elementor-element elementor-element-9ee70bc\" data-id=\"9ee70bc\" data-element_type=\"column\">\n\t\t\t<div class=\"elementor-column-wrap elementor-element-populated\">\n\t\t\t\t\t\t\t<div class=\"elementor-widget-wrap\">\n\t\t\t\t\t\t<div class=\"elementor-element elementor-element-3d57ff9 elementor-arrows-position-inside elementor-pagination-position-outside elementor-widget elementor-widget-image-carousel\" data-id=\"3d57ff9\" data-element_type=\"widget\" data-settings=\"{&quot;slides_to_show&quot;:&quot;5&quot;,&quot;navigation&quot;:&quot;both&quot;,&quot;autoplay&quot;:&quot;yes&quot;,&quot;pause_on_hover&quot;:&quot;yes&quot;,&quot;pause_on_interaction&quot;:&quot;yes&quot;,&quot;autoplay_speed&quot;:5000,&quot;infinite&quot;:&quot;yes&quot;,&quot;speed&quot;:500}\" data-widget_type=\"image-carousel.default\">\n\t\t\t\t<div class=\"elementor-widget-container\">\n\t\t\t\t\t<div class=\"elementor-image-carousel-wrapper swiper-container\" dir=\"ltr\">\n\t\t\t<div class=\"elementor-image-carousel swiper-wrapper\">\n\t\t\t\t<div class=\"swiper-slide\"><figure class=\"swiper-slide-inner\"><img class=\"swiper-slide-image\" src=\"https:\/\/lafermedes5sens.com\/wp-content\/uploads\/2020\/04\/P1160029-150x150.jpg\" alt=\"R\u00e9colte de Carotte sauvage\" \/><figcaption class=\"elementor-image-carousel-caption\">R\u00e9colte de Carotte sauvage<\/figcaption><\/figure><\/div><div class=\"swiper-slide\"><figure class=\"swiper-slide-inner\"><img class=\"swiper-slide-image\" src=\"https:\/\/lafermedes5sens.com\/wp-content\/uploads\/2020\/04\/P1160002-150x150.jpg\" alt=\"Carotte sauvage\" \/><figcaption class=\"elementor-image-carousel-caption\">Carotte sauvage<\/figcaption><\/figure><\/div><div class=\"swiper-slide\"><figure class=\"swiper-slide-inner\"><img class=\"swiper-slide-image\" src=\"https:\/\/lafermedes5sens.com\/wp-content\/uploads\/2020\/04\/P1150844-150x150.jpg\" alt=\"Jeunes lavandes\" \/><figcaption class=\"elementor-image-carousel-caption\">Jeunes lavandes<\/figcaption><\/figure><\/div><div class=\"swiper-slide\"><figure class=\"swiper-slide-inner\"><img class=\"swiper-slide-image\" src=\"https:\/\/lafermedes5sens.com\/wp-content\/uploads\/2020\/04\/P1150670-150x150.jpg\" alt=\"R\u00e9colte du Gen\u00e9vrier\" \/><figcaption class=\"elementor-image-carousel-caption\">R\u00e9colte du Gen\u00e9vrier<\/figcaption><\/figure><\/div><div class=\"swiper-slide\"><figure class=\"swiper-slide-inner\"><img class=\"swiper-slide-image\" src=\"https:\/\/lafermedes5sens.com\/wp-content\/uploads\/2020\/04\/P1130928-150x150.jpg\" alt=\"Lavande givr\u00e9e\" \/><figcaption class=\"elementor-image-carousel-caption\">Lavande givr\u00e9e<\/figcaption><\/figure><\/div><div class=\"swiper-slide\"><figure class=\"swiper-slide-inner\"><img class=\"swiper-slide-image\" src=\"https:\/\/lafermedes5sens.com\/wp-content\/uploads\/2020\/04\/P1040977-150x150.jpg\" alt=\"Camomille matricaire\" \/><figcaption class=\"elementor-image-carousel-caption\">Camomille matricaire<\/figcaption><\/figure><\/div><div class=\"swiper-slide\"><figure class=\"swiper-slide-inner\"><img class=\"swiper-slide-image\" src=\"https:\/\/lafermedes5sens.com\/wp-content\/uploads\/2020\/04\/P1040951-150x150.jpg\" alt=\"Verveine citronn\u00e9e\" \/><figcaption class=\"elementor-image-carousel-caption\">Verveine citronn\u00e9e<\/figcaption><\/figure><\/div><div class=\"swiper-slide\"><figure class=\"swiper-slide-inner\"><img class=\"swiper-slide-image\" src=\"https:\/\/lafermedes5sens.com\/wp-content\/uploads\/2020\/04\/P1040849-150x150.jpg\" alt=\"Fleurs de Monarde avec bourdon\" \/><figcaption class=\"elementor-image-carousel-caption\">Fleurs de Monarde avec bourdon<\/figcaption><\/figure><\/div>\t\t\t<\/div>\n\t\t\t\t\t\t\t\t\t\t\t\t<div class=\"swiper-pagination\"><\/div>\n\t\t\t\t\t\t\t\t\t\t\t\t\t<div class=\"elementor-swiper-button elementor-swiper-button-prev\">\n\t\t\t\t\t\t<i class=\"eicon-chevron-left\" aria-hidden=\"true\"><\/i>\n\t\t\t\t\t\t<span class=\"elementor-screen-only\">Pr\u00e9c\u00e9dent<\/span>\n\t\t\t\t\t<\/div>\n\t\t\t\t\t<div class=\"elementor-swiper-button elementor-swiper-button-next\">\n\t\t\t\t\t\t<i class=\"eicon-chevron-right\" aria-hidden=\"true\"><\/i>\n\t\t\t\t\t\t<span class=\"elementor-screen-only\">Suivant<\/span>\n\t\t\t\t\t<\/div>\n\t\t\t\t\t\t\t\t\t<\/div>\n\t\t\t\t<\/div>\n\t\t\t\t<\/div>\n\t\t\t\t\t\t<\/div>\n\t\t\t\t\t<\/div>\n\t\t<\/div>\n\t\t\t\t\t\t\t\t<\/div>\n\t\t\t\t\t<\/div>\n\t\t<\/section>\n\t\t\t\t\t\t<\/div>\n\t\t\t\t\t\t<\/div>\n\t\t\t\t\t<\/div>\n\t\t","protected":false},"excerpt":{"rendered":"<p>La grande majorit\u00e9 de nos plantes&nbsp;m\u00e9dicinales sont cultiv\u00e9es \u00e0 la ferme, le reste \u00e9tant cueilli sur des sites&nbsp;sauvages et pr\u00e9serv\u00e9s (Pin sylvestre, Achill\u00e9e millefeuille, Gen\u00e9vrier&#8230;).&nbsp;Flavie entretient une parcelle d\u2019environ un hectare o\u00f9 se m\u00ealent&nbsp;plus d\u2019une vingtaine de plantes diff\u00e9rentes&nbsp;: Verveine odorante, Lavande vraie, plusieurs vari\u00e9t\u00e9s de Thym, des menthes,&nbsp;des camomilles&#8230;&nbsp; Un festival de&nbsp;couleurs et d&#8217;odeurs &hellip; <\/p>\n<p class=\"link-more\"><a href=\"https:\/\/lafermedes5sens.com\/index.php\/de-la-culture-a-la-recolte\/\" class=\"more-link\">Continuer la lecture<span class=\"screen-reader-text\"> de &laquo;&nbsp;De la culture \u00e0 la r\u00e9colte&nbsp;&raquo;<\/span><\/a><\/p>\n","protected":false},"author":1,"featured_media":0,"parent":0,"menu_order":0,"comment_status":"closed","ping_status":"closed","template":"","meta":[],"yoast_head":"<!-- This site is optimized with the Yoast SEO plugin v15.4 - https:\/\/yoast.com\/wordpress\/plugins\/seo\/ -->\n<title>De la culture \u00e0 la r\u00e9colte - La Ferme des 5 sens<\/title>\n<meta name=\"description\" content=\"Flavie cultive une vingtaine de plantes m\u00e9dicinales bio. Elle fait en sorte de maintenir une faune et une flore diversifi\u00e9es sur sa parcelle.\" \/>\n<meta name=\"robots\" content=\"index, follow, max-snippet:-1, max-image-preview:large, max-video-preview:-1\" \/>\n<link rel=\"canonical\" href=\"https:\/\/lafermedes5sens.com\/index.php\/de-la-culture-a-la-recolte\/\" \/>\n<meta property=\"og:locale\" content=\"fr_FR\" \/>\n<meta property=\"og:type\" content=\"article\" \/>\n<meta property=\"og:title\" content=\"De la culture \u00e0 la r\u00e9colte - La Ferme des 5 sens\" \/>\n<meta property=\"og:description\" content=\"Flavie cultive une vingtaine de plantes m\u00e9dicinales bio. Elle fait en sorte de maintenir une faune et une flore diversifi\u00e9es sur sa parcelle.\" \/>\n<meta property=\"og:url\" content=\"https:\/\/lafermedes5sens.com\/index.php\/de-la-culture-a-la-recolte\/\" \/>\n<meta property=\"og:site_name\" content=\"La Ferme des 5 sens\" \/>\n<meta property=\"article:modified_time\" content=\"2021-05-25T15:24:22+00:00\" \/>\n<meta property=\"og:image\" content=\"https:\/\/lafermedes5sens.com\/wp-content\/uploads\/2020\/04\/P1150958-1024x768.jpg\" \/>\n<meta name=\"twitter:card\" content=\"summary_large_image\" \/>\n<meta name=\"twitter:label1\" content=\"\u00c9crit par\">\n\t<meta name=\"twitter:data1\" content=\"admin5827\">\n\t<meta name=\"twitter:label2\" content=\"Dur\u00e9e de lecture est.\">\n\t<meta name=\"twitter:data2\" content=\"2 minutes\">\n<script type=\"application\/ld+json\" class=\"yoast-schema-graph\">{\"@context\":\"https:\/\/schema.org\",\"@graph\":[{\"@type\":\"WebSite\",\"@id\":\"https:\/\/lafermedes5sens.com\/#website\",\"url\":\"https:\/\/lafermedes5sens.com\/\",\"name\":\"La Ferme des 5 sens\",\"description\":\"\",\"potentialAction\":[{\"@type\":\"SearchAction\",\"target\":\"https:\/\/lafermedes5sens.com\/?s={search_term_string}\",\"query-input\":\"required name=search_term_string\"}],\"inLanguage\":\"fr-FR\"},{\"@type\":\"ImageObject\",\"@id\":\"https:\/\/lafermedes5sens.com\/index.php\/de-la-culture-a-la-recolte\/#primaryimage\",\"inLanguage\":\"fr-FR\",\"url\":\"https:\/\/lafermedes5sens.com\/wp-content\/uploads\/2020\/04\/P1150958-1024x768.jpg\"},{\"@type\":\"WebPage\",\"@id\":\"https:\/\/lafermedes5sens.com\/index.php\/de-la-culture-a-la-recolte\/#webpage\",\"url\":\"https:\/\/lafermedes5sens.com\/index.php\/de-la-culture-a-la-recolte\/\",\"name\":\"De la culture \\u00e0 la r\\u00e9colte - La Ferme des 5 sens\",\"isPartOf\":{\"@id\":\"https:\/\/lafermedes5sens.com\/#website\"},\"primaryImageOfPage\":{\"@id\":\"https:\/\/lafermedes5sens.com\/index.php\/de-la-culture-a-la-recolte\/#primaryimage\"},\"datePublished\":\"2020-01-26T20:23:02+00:00\",\"dateModified\":\"2021-05-25T15:24:22+00:00\",\"description\":\"Flavie cultive une vingtaine de plantes m\\u00e9dicinales bio. Elle fait en sorte de maintenir une faune et une flore diversifi\\u00e9es sur sa parcelle.\",\"inLanguage\":\"fr-FR\",\"potentialAction\":[{\"@type\":\"ReadAction\",\"target\":[\"https:\/\/lafermedes5sens.com\/index.php\/de-la-culture-a-la-recolte\/\"]}]}]}<\/script>\n<!-- \/ Yoast SEO plugin. -->","_links":{"self":[{"href":"https:\/\/lafermedes5sens.com\/index.php\/wp-json\/wp\/v2\/pages\/102"}],"collection":[{"href":"https:\/\/lafermedes5sens.com\/index.php\/wp-json\/wp\/v2\/pages"}],"about":[{"href":"https:\/\/lafermedes5sens.com\/index.php\/wp-json\/wp\/v2\/types\/page"}],"author":[{"embeddable":true,"href":"https:\/\/lafermedes5sens.com\/index.php\/wp-json\/wp\/v2\/users\/1"}],"replies":[{"embeddable":true,"href":"https:\/\/lafermedes5sens.com\/index.php\/wp-json\/wp\/v2\/comments?post=102"}],"version-history":[{"count":14,"href":"https:\/\/lafermedes5sens.com\/index.php\/wp-json\/wp\/v2\/pages\/102\/revisions"}],"predecessor-version":[{"id":646,"href":"https:\/\/lafermedes5sens.com\/index.php\/wp-json\/wp\/v2\/pages\/102\/revisions\/646"}],"wp:attachment":[{"href":"https:\/\/lafermedes5sens.com\/index.php\/wp-json\/wp\/v2\/media?parent=102"}],"curies":[{"name":"wp","href":"https:\/\/api.w.org\/{rel}","templated":true}]}}